{"id":14,"date":"2014-09-15T14:01:11","date_gmt":"2014-09-15T12:01:11","guid":{"rendered":"http:\/\/f-films.deutsches-filminstitut.de\/cms\/?page_id=14"},"modified":"2024-10-08T09:55:46","modified_gmt":"2024-10-08T07:55:46","slug":"home","status":"publish","type":"page","link":"https:\/\/f-films.deutsches-filminstitut.de\/cms\/home\/","title":{"rendered":"f_films: female filmworkers in europe"},"content":{"rendered":"<h3>f_films: female filmworkers in europe<\/h3>\n<p>In February, 2001, the \u201cDeutsches Filminstitut\u201d &#8211; DIF started the project \u201ef_films: female filmworkers in europe\u201c\u00a0 with the support of the Department of Women and the Department of Culture in Frankfurt\/Main.<\/p>\n<p>By building a database, the female director\u2019s, camera women\u2019s, female scriptwriter\u2019s and female producer\u2019s extensive and continuous contribution to European cinema shall be documented and shown. f_films views itself as a corrective and completion of traditional film research and \u2013history.<\/p>\n<p>Starting point for the research and documentation is the database of the DIF, which amongst others includes 2500 German films that were made with huge involvement by women.<\/p>\n<p>While looking for project partners, it turned out that the European Coordination of Film Festivals\/ Working Group Women and Film was initiating its own database \u2013 sponsored by the European Cultural Foundation, Amsterdam and the Ministry for Urban Development and Residency, Culture and Sports of the state of Nordrhein-Westfalen &#8211; for the collection of films by women which have been (or will be) screened at European women\u2019s film festivals. It was more than useful for these two initiatives to bundle up their strengths and collect their data in a combined database. Since the DIF has the necessary competence and capacity for research and data management, the project was located there.<\/p>\n<p>In addition, we receive helpful research-support from the \u201cFreunde der Deutschen Kinemathek\u201d in Berlin, the Export-Union of German Cinema, as well as IRIS, the Documentation-Center of the International Women\u2019s Film Festival in Cr\u00e9teil, to name but a few partners.<\/p>\n<div class=\"su-spoiler su-spoiler-style-default su-spoiler-icon-plus su-spoiler-closed\" data-scroll-offset=\"0\" data-anchor-in-url=\"no\"><div class=\"su-spoiler-title\" tabindex=\"0\" role=\"button\"><span class=\"su-spoiler-icon\"><\/span>More<\/div><div class=\"su-spoiler-content su-u-clearfix su-u-trim\">\n<h3>Emphases of f_films<\/h3>\n<p>While the women&#8217;s film festivals add continuously to the database with the current films in their festival programs, the DIF&#8217;s f_films-research concentrates especially on the female pioneers of the era of the silent movie and the young European cinema. Contrary to the works from the Seventies and Eighties, which made their way into film history under the label &#8222;Women&#8217;s film&#8220;, the works of the female silent movie-pioneers is researched by only a few film historians. This gap could be closed &#8211; at least for the German silent movie. The study &#8222;Filmpionierinnen in Deutschland&#8220; by Gabriele Hansch and Gerlinde Waz uses 700 filmographies to impressively prove that the history of the German film wasn&#8217;t entirely written by men. Large parts of this study&#8217;s results poured into f_films.<br \/>\nConcerning the young European cinema we identify that the number of up-and-coming female directors and camera women has increased largely over the last years. But up to now no systematic collection of their film work existed, which would have allowed statements about the continuity of their work and the assertiveness of young women in film; or if even in the era of the so-called post-feminism subjects are dealt with which exceed individual attempts.<\/p>\n<h3>Interim result<\/h3>\n<p>f_films comprehends more than 4000 film titles. Many of these are contributed by the participating women&#8217;s film festivals. In this catalogue, the user will also find numerous biographies and synopses which are referring to non-European filmmakers. However, these references are not verified due to the massive extent of data.<\/p>\n<p>Female silent movie-pioneers<\/p>\n<p>In the first phase of the project, we will introduce mainly unknown female pioneers of the German silent movie. For example Olga Wohlbr\u00fcck and Iwa Raffay, the very first two female filmmakers in Germany, or Fern Andra who started as early as 1915 her own film production company. Assumingly little known is also the work of Rosa Porten, the elder sister of Henny Porten, who is regarded to be one of the first female scriptwriters. As already mentioned in the article &#8222;Weibliche Biographieforschung in der fr\u00fchen Filmgeschichte&#8220; (Gabriele Hansch\/Gerlinde Waz) biographical research on these &#8218;forgotten&#8216; female artist is very difficult.<br \/>\nIn this phase of the project, DIF does not include portraits and biographies of famous female filmmakers such as Leni Riefenstahl, Thea von Harbou, Lotte Reiniger and others. Nevertheless, their works are included in the database and can be referred to under Index of Films or Free Text Search.<\/p>\n<h3>The New European Cinema<\/h3>\n<p>Similar to this the main emphasis on the new European cinema is on young German and European female filmmakers who are only little known. Considering the enormous amount of data DIF can only provide a small, however in-depth, selection of female filmmakers. Although hardly to be regarded as feminist filmmakers, their works observe and depict the reality from a here and then radical subjective, hence female, perspective. The database is not aimed at establishing a common structure on different cinematic approaches. If there are similarities in the films of Catherine Breillat and Claire Denis, but also Maria Speth and Jessica Hausner, these are certainly to be found in the strong physical presence of the (sexualized) body and the lack of communication.<\/p>\n<h3>Cataloguing of the documents and usage of the database<\/h3>\n<p>Apart from detailed filmographies, users can investigate additional picture- and text-documents such as photos, posters, summaries, film reviews, biographies and interviews. The materials have been digitized and added to the database. The cataloguing of the documents is based on the DIF&#8217;S experience of many years. Apart from searching for texts, it enables structured search options, so that film programs can be compiled or the appropriate films for scientific work can be found.<br \/>\nPotential users of the database are film festivals, archives, documentation centers, repertory cinemas, universities, schools and other educational institutions, women&#8217;s initiatives, among others.<\/p>\n<h3>Bibliography<\/h3>\n<ul>\n<li>Ally Acker: Reel Women: Pionneers of the Cinema, 1986 to the Present. New York 1991<\/li>\n<li>Jackie Buet (Hg): Films de Femmes. Six G\u00e9n\u00e9rations de R\u00e9alisatrices. Paris 1999<\/li>\n<li>Cinegraph: Lexikon des deutschsprachigen Films. Hrsg. von Hans-Michael Bock<\/li>\n<li>Frauen und Film. Hrsg. von Annette Brauerhoch, Gertrud Koch, Renate Lippert, Heide Schl\u00fcpmann<\/li>\n<li>Gabriele Hansch \/ Gerlinde Waz: Filmpionierinnen in Deutschland. Ein Beitrag zur Filmgeschichtsschreibung. Abschlu\u00dfbericht. Berlin 1998, 502 Seiten (unver\u00f6ff.)<\/li>\n<li>Claudia Lenssen: Departure from the \u201aWomen&#8217;s Corner&#8216;. Women &#8211; Filmmakers in Germany Today.In: Kino. Exportunion of German Cinema (4\/2001), S. 6-13 (eng)<\/li>\n<li>Petra Mioc: Das junge franz\u00f6sische Kino. Zwischen Traum und Alltag. St. Augustin 2000<\/li>\n<li>Heide Schl\u00fcpmann: Unheimlichkeit des Blickes: Das Drama des fr\u00fchen deutschen Kinos. Hrsg. in Zsarb. mit dem Deutschen Filmmuseum Frankfurt. Basel 1990<\/li>\n<li>Amy L. Unterburger (Hg.): The St. James Woman Filmmakers Encyclopedia: Women on the Other Side of the Camera, Detroit [u.a.] 1999<\/li>\n<\/ul>\n<p><strong>Contact<\/strong><br \/>\nKerstin Herlt<br \/>\nTel.: +49 (0) 69 96 12 20 11<\/p>\n<\/div><\/div>\n","protected":false},"excerpt":{"rendered":"<p>f_films: female filmworkers in europe In February, 2001, the \u201cDeutsches Filminstitut\u201d &#8211; DIF started the project \u201ef_films: female filmworkers in europe\u201c\u00a0 with the support of the Department of Women and the Department of Culture in Frankfurt\/Main. By building a database, the female director\u2019s, camera women\u2019s, female scriptwriter\u2019s and female producer\u2019s extensive and continuous contribution to [&hellip;]<\/p>\n","protected":false},"author":5,"featured_media":0,"parent":0,"menu_order":10,"comment_status":"closed","ping_status":"closed","template":"","meta":{"footnotes":""},"class_list":["post-14","page","type-page","status-publish","hentry"],"yoast_head":"<!-- This site is optimized with the Yoast SEO plugin v25.0 - https:\/\/yoast.com\/wordpress\/plugins\/seo\/ -->\n<title>f_films: female filmworkers in europe - f_films: female filmworkers in europe<\/title>\n<meta name=\"robots\" content=\"index, follow, max-snippet:-1, max-image-preview:large, max-video-preview:-1\" \/>\n<link rel=\"canonical\" href=\"https:\/\/f-films.deutsches-filminstitut.de\/cms\/home\/\" \/>\n<meta property=\"og:locale\" content=\"de_DE\" \/>\n<meta property=\"og:type\" content=\"article\" \/>\n<meta property=\"og:title\" content=\"f_films: female filmworkers in europe - f_films: female filmworkers in europe\" \/>\n<meta property=\"og:description\" content=\"f_films: female filmworkers in europe In February, 2001, the \u201cDeutsches Filminstitut\u201d &#8211; DIF started the project \u201ef_films: female filmworkers in europe\u201c\u00a0 with the support of the Department of Women and the Department of Culture in Frankfurt\/Main. By building a database, the female director\u2019s, camera women\u2019s, female scriptwriter\u2019s and female producer\u2019s extensive and continuous contribution to [&hellip;]\" \/>\n<meta property=\"og:url\" content=\"https:\/\/f-films.deutsches-filminstitut.de\/cms\/home\/\" \/>\n<meta property=\"og:site_name\" content=\"f_films: female filmworkers in europe\" \/>\n<meta property=\"article:modified_time\" content=\"2024-10-08T07:55:46+00:00\" \/>\n<meta name=\"twitter:card\" content=\"summary_large_image\" \/>\n<meta name=\"twitter:label1\" content=\"Gesch\u00e4tzte Lesezeit\" \/>\n\t<meta name=\"twitter:data1\" content=\"6\u00a0Minuten\" \/>\n<script type=\"application\/ld+json\" class=\"yoast-schema-graph\">{\"@context\":\"https:\/\/schema.org\",\"@graph\":[{\"@type\":\"WebPage\",\"@id\":\"https:\/\/f-films.deutsches-filminstitut.de\/cms\/home\/\",\"url\":\"https:\/\/f-films.deutsches-filminstitut.de\/cms\/home\/\",\"name\":\"f_films: female filmworkers in europe - f_films: female filmworkers in europe\",\"isPartOf\":{\"@id\":\"https:\/\/f-films.deutsches-filminstitut.de\/cms\/#website\"},\"datePublished\":\"2014-09-15T12:01:11+00:00\",\"dateModified\":\"2024-10-08T07:55:46+00:00\",\"breadcrumb\":{\"@id\":\"https:\/\/f-films.deutsches-filminstitut.de\/cms\/home\/#breadcrumb\"},\"inLanguage\":\"de\",\"potentialAction\":[{\"@type\":\"ReadAction\",\"target\":[\"https:\/\/f-films.deutsches-filminstitut.de\/cms\/home\/\"]}]},{\"@type\":\"BreadcrumbList\",\"@id\":\"https:\/\/f-films.deutsches-filminstitut.de\/cms\/home\/#breadcrumb\",\"itemListElement\":[{\"@type\":\"ListItem\",\"position\":1,\"name\":\"Startseite\",\"item\":\"https:\/\/f-films.deutsches-filminstitut.de\/cms\/startseite\/\"},{\"@type\":\"ListItem\",\"position\":2,\"name\":\"f_films: female filmworkers in europe\"}]},{\"@type\":\"WebSite\",\"@id\":\"https:\/\/f-films.deutsches-filminstitut.de\/cms\/#website\",\"url\":\"https:\/\/f-films.deutsches-filminstitut.de\/cms\/\",\"name\":\"f_films: female filmworkers in europe\",\"description\":\"Frauen im Film\",\"potentialAction\":[{\"@type\":\"SearchAction\",\"target\":{\"@type\":\"EntryPoint\",\"urlTemplate\":\"https:\/\/f-films.deutsches-filminstitut.de\/cms\/?s={search_term_string}\"},\"query-input\":{\"@type\":\"PropertyValueSpecification\",\"valueRequired\":true,\"valueName\":\"search_term_string\"}}],\"inLanguage\":\"de\"}]}<\/script>\n<!-- \/ Yoast SEO plugin. -->","yoast_head_json":{"title":"f_films: female filmworkers in europe - f_films: female filmworkers in europe","robots":{"index":"index","follow":"follow","max-snippet":"max-snippet:-1","max-image-preview":"max-image-preview:large","max-video-preview":"max-video-preview:-1"},"canonical":"https:\/\/f-films.deutsches-filminstitut.de\/cms\/home\/","og_locale":"de_DE","og_type":"article","og_title":"f_films: female filmworkers in europe - f_films: female filmworkers in europe","og_description":"f_films: female filmworkers in europe In February, 2001, the \u201cDeutsches Filminstitut\u201d &#8211; DIF started the project \u201ef_films: female filmworkers in europe\u201c\u00a0 with the support of the Department of Women and the Department of Culture in Frankfurt\/Main. By building a database, the female director\u2019s, camera women\u2019s, female scriptwriter\u2019s and female producer\u2019s extensive and continuous contribution to [&hellip;]","og_url":"https:\/\/f-films.deutsches-filminstitut.de\/cms\/home\/","og_site_name":"f_films: female filmworkers in europe","article_modified_time":"2024-10-08T07:55:46+00:00","twitter_card":"summary_large_image","twitter_misc":{"Gesch\u00e4tzte Lesezeit":"6\u00a0Minuten"},"schema":{"@context":"https:\/\/schema.org","@graph":[{"@type":"WebPage","@id":"https:\/\/f-films.deutsches-filminstitut.de\/cms\/home\/","url":"https:\/\/f-films.deutsches-filminstitut.de\/cms\/home\/","name":"f_films: female filmworkers in europe - f_films: female filmworkers in europe","isPartOf":{"@id":"https:\/\/f-films.deutsches-filminstitut.de\/cms\/#website"},"datePublished":"2014-09-15T12:01:11+00:00","dateModified":"2024-10-08T07:55:46+00:00","breadcrumb":{"@id":"https:\/\/f-films.deutsches-filminstitut.de\/cms\/home\/#breadcrumb"},"inLanguage":"de","potentialAction":[{"@type":"ReadAction","target":["https:\/\/f-films.deutsches-filminstitut.de\/cms\/home\/"]}]},{"@type":"BreadcrumbList","@id":"https:\/\/f-films.deutsches-filminstitut.de\/cms\/home\/#breadcrumb","itemListElement":[{"@type":"ListItem","position":1,"name":"Startseite","item":"https:\/\/f-films.deutsches-filminstitut.de\/cms\/startseite\/"},{"@type":"ListItem","position":2,"name":"f_films: female filmworkers in europe"}]},{"@type":"WebSite","@id":"https:\/\/f-films.deutsches-filminstitut.de\/cms\/#website","url":"https:\/\/f-films.deutsches-filminstitut.de\/cms\/","name":"f_films: female filmworkers in europe","description":"Frauen im Film","potentialAction":[{"@type":"SearchAction","target":{"@type":"EntryPoint","urlTemplate":"https:\/\/f-films.deutsches-filminstitut.de\/cms\/?s={search_term_string}"},"query-input":{"@type":"PropertyValueSpecification","valueRequired":true,"valueName":"search_term_string"}}],"inLanguage":"de"}]}},"_links":{"self":[{"href":"https:\/\/f-films.deutsches-filminstitut.de\/cms\/wp-json\/wp\/v2\/pages\/14","targetHints":{"allow":["GET"]}}],"collection":[{"href":"https:\/\/f-films.deutsches-filminstitut.de\/cms\/wp-json\/wp\/v2\/pages"}],"about":[{"href":"https:\/\/f-films.deutsches-filminstitut.de\/cms\/wp-json\/wp\/v2\/types\/page"}],"author":[{"embeddable":true,"href":"https:\/\/f-films.deutsches-filminstitut.de\/cms\/wp-json\/wp\/v2\/users\/5"}],"replies":[{"embeddable":true,"href":"https:\/\/f-films.deutsches-filminstitut.de\/cms\/wp-json\/wp\/v2\/comments?post=14"}],"version-history":[{"count":11,"href":"https:\/\/f-films.deutsches-filminstitut.de\/cms\/wp-json\/wp\/v2\/pages\/14\/revisions"}],"predecessor-version":[{"id":2941,"href":"https:\/\/f-films.deutsches-filminstitut.de\/cms\/wp-json\/wp\/v2\/pages\/14\/revisions\/2941"}],"wp:attachment":[{"href":"https:\/\/f-films.deutsches-filminstitut.de\/cms\/wp-json\/wp\/v2\/media?parent=14"}],"curies":[{"name":"wp","href":"https:\/\/api.w.org\/{rel}","templated":true}]}}