{"id":163,"date":"2014-09-23T12:34:40","date_gmt":"2014-09-23T10:34:40","guid":{"rendered":"http:\/\/f-films.deutsches-filminstitut.de\/cms\/?page_id=163"},"modified":"2014-12-17T13:41:55","modified_gmt":"2014-12-17T11:41:55","slug":"francesca-comencini","status":"publish","type":"page","link":"https:\/\/f-films.deutsches-filminstitut.de\/cms\/auswahl-regisseurinnen\/francesca-comencini\/","title":{"rendered":"Francesca Comencini"},"content":{"rendered":"<div class=\"flex_column av_three_fourth  flex_column_div first  avia-builder-el-0  avia-builder-el-no-sibling  \" ><section class=\"av_textblock_section \"  itemscope=\"itemscope\" itemtype=\"https:\/\/schema.org\/CreativeWork\" ><div class='avia_textblock  '   itemprop=\"text\" ><h3>Francesca Comencini<\/h3>\n<p style=\"text-align: justify;\">Geboren am 19.08. 1961 in Rom. Ihr Vater ist der italienische Regisseur Luigi Comenenci, die Schwester Cristina Comencini ist ebenfalls Regisseurin.<br \/>\nFrancesca Comencini studierte Philosophie, bevor sie ihren ersten Langspielfilm &#8222;Pianoforte&#8220; (IT 1984) drehte. Danach folgten &#8220; La Lumi\u00e8re du lac (1989) und &#8220; Annabelle partag\u00e9e &#8220; (FR 1991). Sie realisierte ein Portrait von Elsa Morante (FR 1995) f\u00fcr die franz\u00f6sische Fernsehserie &#8222;Un si\u00e8cle d&#8217;\u00e9crivain&#8220;, au\u00dferdem den Film &#8222;Shakespeare \u00e0 Palerme (1997) \u00fcber die Produktion des Spektakels &#8220; Ein Sommernachtstraum &#8220; von W. Shakespeare, inszeniert von Carlo Cecchi. Mit &#8222;Le parole di mio padre&#8220; (IT\/FR 2001) und &#8222;Carlo Giuliano, Ragazzo&#8220; (IT 2002) war Francesca Comencini im Wettbewerb der Sektion &#8222;Un certain regard&#8220; in Cannes 2001 und 2002 vertreten.<\/p>\n<\/div><\/section><br \/>\n<div  class='avia-gallery  avia-gallery-1 avia_lazyload avia-gallery-animate avia_animate_when_visible  avia-builder-el-2  el_after_av_textblock  el_before_av_heading '  itemprop=\"image\" itemscope=\"itemscope\" itemtype=\"https:\/\/schema.org\/ImageObject\" ><div class='avia-gallery-thumb'> <a href=\"https:\/\/f-films.deutsches-filminstitut.de\/cms\/medien\/2014\/10\/fp51264_0000037.jpg\" href=\"283\" href=\"411\" href=\"\" data-srcset=\"https:\/\/f-films.deutsches-filminstitut.de\/cms\/medien\/2014\/10\/fp51264_0000037.jpg 283w, https:\/\/f-films.deutsches-filminstitut.de\/cms\/medien\/2014\/10\/fp51264_0000037-206x300.jpg 206w\" data-sizes=\"(max-width: 283px) 100vw, 283px\" data-rel='gallery-1' data-prev-img='https:\/\/f-films.deutsches-filminstitut.de\/cms\/medien\/2014\/10\/fp51264_0000037-283x400.jpg' class='first_thumb lightbox ' data-onclick='1' title='Francesca Comencini'  itemprop=\"thumbnailUrl\"  ><img decoding=\"async\" class=\"wp-image-1031 avia-img-lazy-loading-not-1031\"  data-avia-tooltip='Francesca Comencini' src=\"https:\/\/f-films.deutsches-filminstitut.de\/cms\/medien\/2014\/10\/fp51264_0000037.jpg\" width=\"283\" height=\"411\"  title='francesca-comencini' alt='' srcset=\"https:\/\/f-films.deutsches-filminstitut.de\/cms\/medien\/2014\/10\/fp51264_0000037.jpg 283w, https:\/\/f-films.deutsches-filminstitut.de\/cms\/medien\/2014\/10\/fp51264_0000037-206x300.jpg 206w\" sizes=\"(max-width: 283px) 100vw, 283px\" \/><\/a> <a href=\"https:\/\/f-films.deutsches-filminstitut.de\/cms\/medien\/2014\/10\/fp51264_01.jpg\" href=\"283\" href=\"299\" href=\"\" data-srcset=\"\" data-sizes=\"\" data-rel='gallery-1' data-prev-img='https:\/\/f-films.deutsches-filminstitut.de\/cms\/medien\/2014\/10\/fp51264_01.jpg' class='lightbox ' data-onclick='2' title='Francesca Comencini'  itemprop=\"thumbnailUrl\"  ><img decoding=\"async\" class=\"wp-image-1010 avia-img-lazy-loading-not-1010\"  data-avia-tooltip='Francesca Comencini' src=\"https:\/\/f-films.deutsches-filminstitut.de\/cms\/medien\/2014\/10\/fp51264_01.jpg\" width=\"283\" height=\"299\"  title='Francesca-Comencini-1' alt='' \/><\/a><\/div><\/div><br \/>\n<div  style='padding-bottom:10px; ' class='av-special-heading av-special-heading-h4  blockquote modern-quote  avia-builder-el-3  el_after_av_gallery  el_before_av_portfolio  avia-builder-el-last  '><h4 class='av-special-heading-tag '  itemprop=\"headline\"  >Filmographie<\/h4><div class='special-heading-border'><div class='special-heading-inner-border' ><\/div><\/div><\/div><br \/>\n<div class='portfolio_preview_container ' data-portfolio-id='1'>\n\t\t\t\t\t\t\t\t<div class='ajax_controlls iconfont'>\n\t\t\t\t\t\t\t\t\t<a href='#prev' class='ajax_previous' \taria-hidden='true' data-av_icon='\ue878' data-av_iconfont='entypo-fontello'><\/a>\n\t\t\t\t\t\t\t\t\t<a href='#next' class='ajax_next'\t\taria-hidden='true' data-av_icon='\ue879' data-av_iconfont='entypo-fontello'><\/a>\n\t\t\t\t\t\t\t\t\t<a class='avia_close' href='#close'\t\taria-hidden='true' data-av_icon='\ue814' data-av_iconfont='entypo-fontello'><\/a>\n\t\t\t\t\t\t\t\t<\/div>\n\t\t\t\t\t\t\t\t<div class='portfolio-details-inner'><\/div>\n\t\t\t\t\t\t\t<\/div><div  id=\"av-sc-portfolio-1\"  class=' grid-sort-container isotope   no_margin-container with-excerpt-container grid-total-odd grid-col-1 grid-links-ajax' data-portfolio-id='1'><div data-ajax-id='784' class=' grid-entry flex_column isotope-item all_sort no_margin post-entry post-entry-784 grid-entry-overview grid-loop-1 grid-parity-odd  francesca-comencini_sort junges-europaeisches-kino_sort  av_fullwidth first default_av_fullwidth '><article class='main_color inner-entry'  itemscope=\"itemscope\" itemtype=\"https:\/\/schema.org\/CreativeWork\" ><a href=\"https:\/\/f-films.deutsches-filminstitut.de\/cms\/film\/carlo-giuliani-ragazzo-it-2002\/\" title='Carlo Giuliani, Ragazzo, IT 2002 \\\\ Regie'  data-rel='grid-1' class='grid-image avia-hover-fx'> <\/a><div class='grid-content'><div class='avia-arrow'><\/div><header class=\"entry-content-header\"><h3 class='grid-entry-title entry-title '  itemprop=\"headline\" ><a href='https:\/\/f-films.deutsches-filminstitut.de\/cms\/film\/carlo-giuliani-ragazzo-it-2002\/' title='Carlo Giuliani, Ragazzo, IT 2002 \\\\ Regie'>Carlo Giuliani, Ragazzo, IT 2002 \\\\ Regie<\/a><\/h3><\/header><\/div><footer class=\"entry-footer\"><\/footer><\/article><\/div><div data-ajax-id='783' class=' grid-entry flex_column isotope-item all_sort no_margin post-entry post-entry-783 grid-entry-overview grid-loop-2 grid-parity-even  francesca-comencini_sort junges-europaeisches-kino_sort  av_fullwidth first default_av_fullwidth '><article class='main_color inner-entry'  itemscope=\"itemscope\" itemtype=\"https:\/\/schema.org\/CreativeWork\" ><a href=\"https:\/\/f-films.deutsches-filminstitut.de\/cms\/film\/le-parole-di-mio-padre-itfr-2001\/\" title='Le Parole di mio padre, IT\/FR 2001 \\\\ Drehbuch, Regie'  data-rel='grid-1' class='grid-image avia-hover-fx'> <\/a><div class='grid-content'><div class='avia-arrow'><\/div><header class=\"entry-content-header\"><h3 class='grid-entry-title entry-title '  itemprop=\"headline\" ><a href='https:\/\/f-films.deutsches-filminstitut.de\/cms\/film\/le-parole-di-mio-padre-itfr-2001\/' title='Le Parole di mio padre, IT\/FR 2001 \\\\ Drehbuch, Regie'>Le Parole di mio padre, IT\/FR 2001 \\\\ Drehbuch, Regie<\/a><\/h3><\/header><\/div><footer class=\"entry-footer\"><\/footer><\/article><\/div><div data-ajax-id='782' class=' grid-entry flex_column isotope-item all_sort no_margin post-entry post-entry-782 grid-entry-overview grid-loop-3 grid-parity-odd  francesca-comencini_sort junges-europaeisches-kino_sort  av_fullwidth first default_av_fullwidth '><article class='main_color inner-entry'  itemscope=\"itemscope\" itemtype=\"https:\/\/schema.org\/CreativeWork\" ><a href=\"https:\/\/f-films.deutsches-filminstitut.de\/cms\/film\/shakespeare-palerme-it-199798\/\" title='Shakespeare \u00e0 Palerme, IT 1997\/98 \\\\ Regie'  data-rel='grid-1' class='grid-image avia-hover-fx'> <\/a><div class='grid-content'><div class='avia-arrow'><\/div><header class=\"entry-content-header\"><h3 class='grid-entry-title entry-title '  itemprop=\"headline\" ><a href='https:\/\/f-films.deutsches-filminstitut.de\/cms\/film\/shakespeare-palerme-it-199798\/' title='Shakespeare \u00e0 Palerme, IT 1997\/98 \\\\ Regie'>Shakespeare \u00e0 Palerme, IT 1997\/98 \\\\ Regie<\/a><\/h3><\/header><\/div><footer class=\"entry-footer\"><\/footer><\/article><\/div><div data-ajax-id='781' class=' grid-entry flex_column isotope-item all_sort no_margin post-entry post-entry-781 grid-entry-overview grid-loop-4 grid-parity-even  francesca-comencini_sort junges-europaeisches-kino_sort  av_fullwidth first default_av_fullwidth '><article class='main_color inner-entry'  itemscope=\"itemscope\" itemtype=\"https:\/\/schema.org\/CreativeWork\" ><a href=\"https:\/\/f-films.deutsches-filminstitut.de\/cms\/film\/elsa-morante-it-1997\/\" title='Elsa Morante, IT 1997 \\\\ Regie'  data-rel='grid-1' class='grid-image avia-hover-fx'> <\/a><div class='grid-content'><div class='avia-arrow'><\/div><header class=\"entry-content-header\"><h3 class='grid-entry-title entry-title '  itemprop=\"headline\" ><a href='https:\/\/f-films.deutsches-filminstitut.de\/cms\/film\/elsa-morante-it-1997\/' title='Elsa Morante, IT 1997 \\\\ Regie'>Elsa Morante, IT 1997 \\\\ Regie<\/a><\/h3><\/header><\/div><footer class=\"entry-footer\"><\/footer><\/article><\/div><div data-ajax-id='780' class=' grid-entry flex_column isotope-item all_sort no_margin post-entry post-entry-780 grid-entry-overview grid-loop-5 grid-parity-odd  francesca-comencini_sort junges-europaeisches-kino_sort  av_fullwidth first default_av_fullwidth '><article class='main_color inner-entry'  itemscope=\"itemscope\" itemtype=\"https:\/\/schema.org\/CreativeWork\" ><a href=\"https:\/\/f-films.deutsches-filminstitut.de\/cms\/film\/annabelle-partage-fr-1991\/\" title='Annabelle partag\u00e9e, FR 1991 \\\\ Regie'  data-rel='grid-1' class='grid-image avia-hover-fx'> <\/a><div class='grid-content'><div class='avia-arrow'><\/div><header class=\"entry-content-header\"><h3 class='grid-entry-title entry-title '  itemprop=\"headline\" ><a href='https:\/\/f-films.deutsches-filminstitut.de\/cms\/film\/annabelle-partage-fr-1991\/' title='Annabelle partag\u00e9e, FR 1991 \\\\ Regie'>Annabelle partag\u00e9e, FR 1991 \\\\ Regie<\/a><\/h3><\/header><\/div><footer class=\"entry-footer\"><\/footer><\/article><\/div><div data-ajax-id='779' class=' grid-entry flex_column isotope-item all_sort no_margin post-entry post-entry-779 grid-entry-overview grid-loop-6 grid-parity-even  francesca-comencini_sort junges-europaeisches-kino_sort  av_fullwidth first default_av_fullwidth '><article class='main_color inner-entry'  itemscope=\"itemscope\" itemtype=\"https:\/\/schema.org\/CreativeWork\" ><a href=\"https:\/\/f-films.deutsches-filminstitut.de\/cms\/film\/la-lumire-du-lac-it-198889\/\" title='La Lumi\u00e9re du Lac, IT 1988\/89 \\\\ Regie'  data-rel='grid-1' class='grid-image avia-hover-fx'> <\/a><div class='grid-content'><div class='avia-arrow'><\/div><header class=\"entry-content-header\"><h3 class='grid-entry-title entry-title '  itemprop=\"headline\" ><a href='https:\/\/f-films.deutsches-filminstitut.de\/cms\/film\/la-lumire-du-lac-it-198889\/' title='La Lumi\u00e9re du Lac, IT 1988\/89 \\\\ Regie'>La Lumi\u00e9re du Lac, IT 1988\/89 \\\\ Regie<\/a><\/h3><\/header><\/div><footer class=\"entry-footer\"><\/footer><\/article><\/div><div data-ajax-id='778' class=' grid-entry flex_column isotope-item all_sort no_margin post-entry post-entry-778 grid-entry-overview grid-loop-7 grid-parity-odd  post-entry-last  francesca-comencini_sort junges-europaeisches-kino_sort  av_fullwidth first default_av_fullwidth '><article class='main_color inner-entry'  itemscope=\"itemscope\" itemtype=\"https:\/\/schema.org\/CreativeWork\" ><a href=\"https:\/\/f-films.deutsches-filminstitut.de\/cms\/film\/pianoforte-it-198384\/\" title='Pianoforte, IT 1983\/84 \\\\ Regie'  data-rel='grid-1' class='grid-image avia-hover-fx'> <\/a><div class='grid-content'><div class='avia-arrow'><\/div><header class=\"entry-content-header\"><h3 class='grid-entry-title entry-title '  itemprop=\"headline\" ><a href='https:\/\/f-films.deutsches-filminstitut.de\/cms\/film\/pianoforte-it-198384\/' title='Pianoforte, IT 1983\/84 \\\\ Regie'>Pianoforte, IT 1983\/84 \\\\ Regie<\/a><\/h3><\/header><\/div><footer class=\"entry-footer\"><\/footer><\/article><\/div><\/div><\/p><\/div>\n","protected":false},"excerpt":{"rendered":"","protected":false},"author":5,"featured_media":0,"parent":18,"menu_order":540,"comment_status":"closed","ping_status":"closed","template":"","meta":{"footnotes":""},"class_list":["post-163","page","type-page","status-publish","hentry"],"yoast_head":"<!-- This site is optimized with the Yoast SEO plugin v25.0 - https:\/\/yoast.com\/wordpress\/plugins\/seo\/ -->\n<title>Francesca Comencini - f_films: female filmworkers in europe<\/title>\n<meta name=\"robots\" content=\"index, follow, max-snippet:-1, max-image-preview:large, max-video-preview:-1\" \/>\n<link rel=\"canonical\" href=\"https:\/\/f-films.deutsches-filminstitut.de\/cms\/auswahl-regisseurinnen\/francesca-comencini\/\" \/>\n<meta property=\"og:locale\" content=\"de_DE\" \/>\n<meta property=\"og:type\" content=\"article\" \/>\n<meta property=\"og:title\" content=\"Francesca Comencini - f_films: female filmworkers in europe\" \/>\n<meta property=\"og:url\" content=\"https:\/\/f-films.deutsches-filminstitut.de\/cms\/auswahl-regisseurinnen\/francesca-comencini\/\" \/>\n<meta property=\"og:site_name\" content=\"f_films: female filmworkers in europe\" \/>\n<meta property=\"article:modified_time\" content=\"2014-12-17T11:41:55+00:00\" \/>\n<meta name=\"twitter:card\" content=\"summary_large_image\" \/>\n<meta name=\"twitter:label1\" content=\"Gesch\u00e4tzte Lesezeit\" \/>\n\t<meta name=\"twitter:data1\" content=\"1\u00a0Minute\" \/>\n<script type=\"application\/ld+json\" class=\"yoast-schema-graph\">{\"@context\":\"https:\/\/schema.org\",\"@graph\":[{\"@type\":\"WebPage\",\"@id\":\"https:\/\/f-films.deutsches-filminstitut.de\/cms\/auswahl-regisseurinnen\/francesca-comencini\/\",\"url\":\"https:\/\/f-films.deutsches-filminstitut.de\/cms\/auswahl-regisseurinnen\/francesca-comencini\/\",\"name\":\"Francesca Comencini - f_films: female filmworkers in europe\",\"isPartOf\":{\"@id\":\"https:\/\/f-films.deutsches-filminstitut.de\/cms\/#website\"},\"datePublished\":\"2014-09-23T10:34:40+00:00\",\"dateModified\":\"2014-12-17T11:41:55+00:00\",\"breadcrumb\":{\"@id\":\"https:\/\/f-films.deutsches-filminstitut.de\/cms\/auswahl-regisseurinnen\/francesca-comencini\/#breadcrumb\"},\"inLanguage\":\"de\",\"potentialAction\":[{\"@type\":\"ReadAction\",\"target\":[\"https:\/\/f-films.deutsches-filminstitut.de\/cms\/auswahl-regisseurinnen\/francesca-comencini\/\"]}]},{\"@type\":\"BreadcrumbList\",\"@id\":\"https:\/\/f-films.deutsches-filminstitut.de\/cms\/auswahl-regisseurinnen\/francesca-comencini\/#breadcrumb\",\"itemListElement\":[{\"@type\":\"ListItem\",\"position\":1,\"name\":\"Startseite\",\"item\":\"https:\/\/f-films.deutsches-filminstitut.de\/cms\/startseite\/\"},{\"@type\":\"ListItem\",\"position\":2,\"name\":\"Auswahl Regisseurinnen\",\"item\":\"https:\/\/f-films.deutsches-filminstitut.de\/cms\/auswahl-regisseurinnen\/\"},{\"@type\":\"ListItem\",\"position\":3,\"name\":\"Francesca Comencini\"}]},{\"@type\":\"WebSite\",\"@id\":\"https:\/\/f-films.deutsches-filminstitut.de\/cms\/#website\",\"url\":\"https:\/\/f-films.deutsches-filminstitut.de\/cms\/\",\"name\":\"f_films: female filmworkers in europe\",\"description\":\"Frauen im Film\",\"potentialAction\":[{\"@type\":\"SearchAction\",\"target\":{\"@type\":\"EntryPoint\",\"urlTemplate\":\"https:\/\/f-films.deutsches-filminstitut.de\/cms\/?s={search_term_string}\"},\"query-input\":{\"@type\":\"PropertyValueSpecification\",\"valueRequired\":true,\"valueName\":\"search_term_string\"}}],\"inLanguage\":\"de\"}]}<\/script>\n<!-- \/ Yoast SEO plugin. -->","yoast_head_json":{"title":"Francesca Comencini - f_films: female filmworkers in europe","robots":{"index":"index","follow":"follow","max-snippet":"max-snippet:-1","max-image-preview":"max-image-preview:large","max-video-preview":"max-video-preview:-1"},"canonical":"https:\/\/f-films.deutsches-filminstitut.de\/cms\/auswahl-regisseurinnen\/francesca-comencini\/","og_locale":"de_DE","og_type":"article","og_title":"Francesca Comencini - f_films: female filmworkers in europe","og_url":"https:\/\/f-films.deutsches-filminstitut.de\/cms\/auswahl-regisseurinnen\/francesca-comencini\/","og_site_name":"f_films: female filmworkers in europe","article_modified_time":"2014-12-17T11:41:55+00:00","twitter_card":"summary_large_image","twitter_misc":{"Gesch\u00e4tzte Lesezeit":"1\u00a0Minute"},"schema":{"@context":"https:\/\/schema.org","@graph":[{"@type":"WebPage","@id":"https:\/\/f-films.deutsches-filminstitut.de\/cms\/auswahl-regisseurinnen\/francesca-comencini\/","url":"https:\/\/f-films.deutsches-filminstitut.de\/cms\/auswahl-regisseurinnen\/francesca-comencini\/","name":"Francesca Comencini - f_films: female filmworkers in europe","isPartOf":{"@id":"https:\/\/f-films.deutsches-filminstitut.de\/cms\/#website"},"datePublished":"2014-09-23T10:34:40+00:00","dateModified":"2014-12-17T11:41:55+00:00","breadcrumb":{"@id":"https:\/\/f-films.deutsches-filminstitut.de\/cms\/auswahl-regisseurinnen\/francesca-comencini\/#breadcrumb"},"inLanguage":"de","potentialAction":[{"@type":"ReadAction","target":["https:\/\/f-films.deutsches-filminstitut.de\/cms\/auswahl-regisseurinnen\/francesca-comencini\/"]}]},{"@type":"BreadcrumbList","@id":"https:\/\/f-films.deutsches-filminstitut.de\/cms\/auswahl-regisseurinnen\/francesca-comencini\/#breadcrumb","itemListElement":[{"@type":"ListItem","position":1,"name":"Startseite","item":"https:\/\/f-films.deutsches-filminstitut.de\/cms\/startseite\/"},{"@type":"ListItem","position":2,"name":"Auswahl Regisseurinnen","item":"https:\/\/f-films.deutsches-filminstitut.de\/cms\/auswahl-regisseurinnen\/"},{"@type":"ListItem","position":3,"name":"Francesca Comencini"}]},{"@type":"WebSite","@id":"https:\/\/f-films.deutsches-filminstitut.de\/cms\/#website","url":"https:\/\/f-films.deutsches-filminstitut.de\/cms\/","name":"f_films: female filmworkers in europe","description":"Frauen im Film","potentialAction":[{"@type":"SearchAction","target":{"@type":"EntryPoint","urlTemplate":"https:\/\/f-films.deutsches-filminstitut.de\/cms\/?s={search_term_string}"},"query-input":{"@type":"PropertyValueSpecification","valueRequired":true,"valueName":"search_term_string"}}],"inLanguage":"de"}]}},"_links":{"self":[{"href":"https:\/\/f-films.deutsches-filminstitut.de\/cms\/wp-json\/wp\/v2\/pages\/163","targetHints":{"allow":["GET"]}}],"collection":[{"href":"https:\/\/f-films.deutsches-filminstitut.de\/cms\/wp-json\/wp\/v2\/pages"}],"about":[{"href":"https:\/\/f-films.deutsches-filminstitut.de\/cms\/wp-json\/wp\/v2\/types\/page"}],"author":[{"embeddable":true,"href":"https:\/\/f-films.deutsches-filminstitut.de\/cms\/wp-json\/wp\/v2\/users\/5"}],"replies":[{"embeddable":true,"href":"https:\/\/f-films.deutsches-filminstitut.de\/cms\/wp-json\/wp\/v2\/comments?post=163"}],"version-history":[{"count":8,"href":"https:\/\/f-films.deutsches-filminstitut.de\/cms\/wp-json\/wp\/v2\/pages\/163\/revisions"}],"predecessor-version":[{"id":2806,"href":"https:\/\/f-films.deutsches-filminstitut.de\/cms\/wp-json\/wp\/v2\/pages\/163\/revisions\/2806"}],"up":[{"embeddable":true,"href":"https:\/\/f-films.deutsches-filminstitut.de\/cms\/wp-json\/wp\/v2\/pages\/18"}],"wp:attachment":[{"href":"https:\/\/f-films.deutsches-filminstitut.de\/cms\/wp-json\/wp\/v2\/media?parent=163"}],"curies":[{"name":"wp","href":"https:\/\/api.w.org\/{rel}","templated":true}]}}