{"id":167,"date":"2014-09-23T12:35:39","date_gmt":"2014-09-23T10:35:39","guid":{"rendered":"http:\/\/f-films.deutsches-filminstitut.de\/cms\/?page_id=167"},"modified":"2014-12-17T13:43:58","modified_gmt":"2014-12-17T11:43:58","slug":"nana-dzordzadze","status":"publish","type":"page","link":"https:\/\/f-films.deutsches-filminstitut.de\/cms\/auswahl-regisseurinnen\/nana-dzordzadze\/","title":{"rendered":"Nana Dzordzadze"},"content":{"rendered":"<div class=\"flex_column av_three_fourth  flex_column_div first  avia-builder-el-0  avia-builder-el-no-sibling  \" ><section class=\"av_textblock_section \"  itemscope=\"itemscope\" itemtype=\"https:\/\/schema.org\/CreativeWork\" ><div class='avia_textblock  '   itemprop=\"text\" ><h3 style=\"text-align: left;\">Nana Dzordzadze<\/h3>\n<p style=\"text-align: justify;\">Nach Abschluss der Musikhochschule studierte Nana Dzordzadze Architektur an der Kunstakademie Tbilissi. Von 1974 bis 1980 folgte das Regiestudium an der Film- und Theater-Schule Tbilissi. Sie studierte bei Tengis Abuladze und Iraklij Kwirikadze, mit dem sie verheiratet ist. Ihr Diplomfilm &#8222;Putesestvie v sopot&#8220; (Die Reise nach Sopot) erhielt mehrere Preise.<\/p>\n<p style=\"text-align: justify;\">Sie arbeitete seither als Schauspielerin, Drehbuchautorin und Filmregisseurin. Der Stil ihres Deb\u00fctfilms &#8222;Robinsonada, Ili Moij Angliskij Deduska&#8220; (Robinsonada, oder mein englischer Gro\u00dfvater) nimmt die Tradition des gro\u00dfen georgischen Kinos auf. Der Film wurde 1987 in Cannes mit der Camera d&#8217;Or ausgezeichnet. Ihr Film &#8222;Shekvarebuli Kulinaris Ataserti Retsepti&#8220; (1001 Rezepte des verliebten Kochs) war 1997 f\u00fcr den Oskar nominiert.<\/p>\n<p style=\"text-align: justify;\"><div class=\"su-spoiler su-spoiler-style-default su-spoiler-icon-plus su-spoiler-closed\" data-scroll-offset=\"0\" data-anchor-in-url=\"no\"><div class=\"su-spoiler-title\" tabindex=\"0\" role=\"button\"><span class=\"su-spoiler-icon\"><\/span>Mehr<\/div><div class=\"su-spoiler-content su-u-clearfix su-u-trim\"><\/p>\n<p style=\"text-align: justify;\">Von 1985 bis 1990 hat Nana Dzordzadze an der Georgischen Filmhochschule Regie unterrichtet und von 1991 bis 1995 war sie Professorin f\u00fcr Filmregie an der VGIK in Moskau. Sie ver\u00f6ffentlichte den Kunstband &#8222;The Forgotten Roofs of my Childhood&#8220; und die Gedichtsammlung &#8222;The lonely Don Quixotes&#8220;.<\/p>\n<p style=\"text-align: justify;\">Sie lebt und arbeitet in Tbilissi, Berlin und Paris und war Jurymitglied bei mehreren internationalen Filmfestivals, so in Cannes (1992), Venedig (1997) und Berlin (1998). Bei der Premiere des Filmfestivals goEast im vergangenen Jahr war ihr Film &#8222;27 Poterjannych Pozelujev&#8220; (27 Missing Kisses) zu sehen, der inzwischen mehrfach pr\u00e4miert wurde. Zu ihren neuen Projekten z\u00e4hlen u.a. &#8222;Die Tr\u00e4nen des Don Juan&#8220; und &#8222;Wetteridiot&#8220;.<\/p>\n<p><\/div><\/div><br \/>\n<div id=\"attachment_1014\" style=\"width: 293px\" class=\"wp-caption alignnone\"><a href=\"http:\/\/f-films.deutsches-filminstitut.de\/cms\/medien\/2014\/10\/nana-d.jpg\"><img loading=\"lazy\" decoding=\"async\" aria-describedby=\"caption-attachment-1014\" class=\"size-full wp-image-1014\" src=\"http:\/\/f-films.deutsches-filminstitut.de\/cms\/medien\/2014\/10\/nana-d.jpg\" alt=\"Nana Dzordzadze\" width=\"283\" height=\"158\" \/><\/a><p id=\"caption-attachment-1014\" class=\"wp-caption-text\">Nana Dzordzadze<\/p><\/div><\/p>\n<\/div><\/section><br \/>\n<div  style='padding-bottom:10px; ' class='av-special-heading av-special-heading-h4  blockquote modern-quote  avia-builder-el-2  el_after_av_textblock  el_before_av_portfolio  avia-builder-el-last  '><h4 class='av-special-heading-tag '  itemprop=\"headline\"  >Filmographie<\/h4><div class='special-heading-border'><div class='special-heading-inner-border' ><\/div><\/div><\/div><br \/>\n<div class='portfolio_preview_container ' data-portfolio-id='1'>\n\t\t\t\t\t\t\t\t<div class='ajax_controlls iconfont'>\n\t\t\t\t\t\t\t\t\t<a href='#prev' class='ajax_previous' \taria-hidden='true' data-av_icon='\ue878' data-av_iconfont='entypo-fontello'><\/a>\n\t\t\t\t\t\t\t\t\t<a href='#next' class='ajax_next'\t\taria-hidden='true' data-av_icon='\ue879' data-av_iconfont='entypo-fontello'><\/a>\n\t\t\t\t\t\t\t\t\t<a class='avia_close' href='#close'\t\taria-hidden='true' data-av_icon='\ue814' data-av_iconfont='entypo-fontello'><\/a>\n\t\t\t\t\t\t\t\t<\/div>\n\t\t\t\t\t\t\t\t<div class='portfolio-details-inner'><\/div>\n\t\t\t\t\t\t\t<\/div><div  id=\"av-sc-portfolio-1\"  class=' grid-sort-container isotope   no_margin-container with-excerpt-container grid-total-even grid-col-1 grid-links-ajax' data-portfolio-id='1'><div data-ajax-id='834' class=' grid-entry flex_column isotope-item all_sort no_margin post-entry post-entry-834 grid-entry-overview grid-loop-1 grid-parity-odd  junges-europaeisches-kino_sort nana-dzordzadze_sort  av_fullwidth first default_av_fullwidth '><article class='main_color inner-entry'  itemscope=\"itemscope\" itemtype=\"https:\/\/schema.org\/CreativeWork\" ><a href=\"https:\/\/f-films.deutsches-filminstitut.de\/cms\/film\/27-missing-kisses-27-missing-kisses-27-missing-kisses-defrgbdk-19992000\/\" title='27 Missing Kisses \/ 27 Missing Kisses \/ 27 Missing Kisses, DE\/FR\/GB\/DK 1999\/2000 \\\\ Drehbuch, Regie'  data-rel='grid-1' class='grid-image avia-hover-fx'> <\/a><div class='grid-content'><div class='avia-arrow'><\/div><header class=\"entry-content-header\"><h3 class='grid-entry-title entry-title '  itemprop=\"headline\" ><a href='https:\/\/f-films.deutsches-filminstitut.de\/cms\/film\/27-missing-kisses-27-missing-kisses-27-missing-kisses-defrgbdk-19992000\/' title='27 Missing Kisses \/ 27 Missing Kisses \/ 27 Missing Kisses, DE\/FR\/GB\/DK 1999\/2000 \\\\ Drehbuch, Regie'>27 Missing Kisses \/ 27 Missing Kisses \/ 27 Missing Kisses, DE\/FR\/GB\/DK 1999\/2000 \\\\ Drehbuch, Regie<\/a><\/h3><\/header><\/div><footer class=\"entry-footer\"><\/footer><\/article><\/div><div data-ajax-id='833' class=' grid-entry flex_column isotope-item all_sort no_margin post-entry post-entry-833 grid-entry-overview grid-loop-2 grid-parity-even  junges-europaeisches-kino_sort nana-dzordzadze_sort  av_fullwidth first default_av_fullwidth '><article class='main_color inner-entry'  itemscope=\"itemscope\" itemtype=\"https:\/\/schema.org\/CreativeWork\" ><a href=\"https:\/\/f-films.deutsches-filminstitut.de\/cms\/film\/les-mille-et-une-recettes-du-cuisinier-amoureux-bedefrgeuk-1996\/\" title='Les Mille et une recettes du cuisinier amoureux, BE\/DE\/FR\/GE\/UK 1996 \\\\ Regie'  data-rel='grid-1' class='grid-image avia-hover-fx'> <\/a><div class='grid-content'><div class='avia-arrow'><\/div><header class=\"entry-content-header\"><h3 class='grid-entry-title entry-title '  itemprop=\"headline\" ><a href='https:\/\/f-films.deutsches-filminstitut.de\/cms\/film\/les-mille-et-une-recettes-du-cuisinier-amoureux-bedefrgeuk-1996\/' title='Les Mille et une recettes du cuisinier amoureux, BE\/DE\/FR\/GE\/UK 1996 \\\\ Regie'>Les Mille et une recettes du cuisinier amoureux, BE\/DE\/FR\/GE\/UK 1996 \\\\ Regie<\/a><\/h3><\/header><\/div><footer class=\"entry-footer\"><\/footer><\/article><\/div><div data-ajax-id='832' class=' grid-entry flex_column isotope-item all_sort no_margin post-entry post-entry-832 grid-entry-overview grid-loop-3 grid-parity-odd  junges-europaeisches-kino_sort nana-dzordzadze_sort  av_fullwidth first default_av_fullwidth '><article class='main_color inner-entry'  itemscope=\"itemscope\" itemtype=\"https:\/\/schema.org\/CreativeWork\" ><a href=\"https:\/\/f-films.deutsches-filminstitut.de\/cms\/film\/about-georgia-ge-1993\/\" title='About Georgia, GE 1993 \\\\ Drehbuch, Regie'  data-rel='grid-1' class='grid-image avia-hover-fx'> <\/a><div class='grid-content'><div class='avia-arrow'><\/div><header class=\"entry-content-header\"><h3 class='grid-entry-title entry-title '  itemprop=\"headline\" ><a href='https:\/\/f-films.deutsches-filminstitut.de\/cms\/film\/about-georgia-ge-1993\/' title='About Georgia, GE 1993 \\\\ Drehbuch, Regie'>About Georgia, GE 1993 \\\\ Drehbuch, Regie<\/a><\/h3><\/header><\/div><footer class=\"entry-footer\"><\/footer><\/article><\/div><div data-ajax-id='831' class=' grid-entry flex_column isotope-item all_sort no_margin post-entry post-entry-831 grid-entry-overview grid-loop-4 grid-parity-even  junges-europaeisches-kino_sort nana-dzordzadze_sort  av_fullwidth first default_av_fullwidth '><article class='main_color inner-entry'  itemscope=\"itemscope\" itemtype=\"https:\/\/schema.org\/CreativeWork\" ><a href=\"https:\/\/f-films.deutsches-filminstitut.de\/cms\/film\/chteau-de-la-napoule-ge-1993\/\" title='Ch\u00e2teau de la napoule, GE 1993 \\\\ Regie'  data-rel='grid-1' class='grid-image avia-hover-fx'> <\/a><div class='grid-content'><div class='avia-arrow'><\/div><header class=\"entry-content-header\"><h3 class='grid-entry-title entry-title '  itemprop=\"headline\" ><a href='https:\/\/f-films.deutsches-filminstitut.de\/cms\/film\/chteau-de-la-napoule-ge-1993\/' title='Ch\u00e2teau de la napoule, GE 1993 \\\\ Regie'>Ch\u00e2teau de la napoule, GE 1993 \\\\ Regie<\/a><\/h3><\/header><\/div><footer class=\"entry-footer\"><\/footer><\/article><\/div><div data-ajax-id='830' class=' grid-entry flex_column isotope-item all_sort no_margin post-entry post-entry-830 grid-entry-overview grid-loop-5 grid-parity-odd  junges-europaeisches-kino_sort nana-dzordzadze_sort  av_fullwidth first default_av_fullwidth '><article class='main_color inner-entry'  itemscope=\"itemscope\" itemtype=\"https:\/\/schema.org\/CreativeWork\" ><a href=\"https:\/\/f-films.deutsches-filminstitut.de\/cms\/film\/encounters-ge-1993ii\/\" title='Encounters, GE 1993\/II \\\\ Drehbuch, Regie'  data-rel='grid-1' class='grid-image avia-hover-fx'> <\/a><div class='grid-content'><div class='avia-arrow'><\/div><header class=\"entry-content-header\"><h3 class='grid-entry-title entry-title '  itemprop=\"headline\" ><a href='https:\/\/f-films.deutsches-filminstitut.de\/cms\/film\/encounters-ge-1993ii\/' title='Encounters, GE 1993\/II \\\\ Drehbuch, Regie'>Encounters, GE 1993\/II \\\\ Drehbuch, Regie<\/a><\/h3><\/header><\/div><footer class=\"entry-footer\"><\/footer><\/article><\/div><div data-ajax-id='829' class=' grid-entry flex_column isotope-item all_sort no_margin post-entry post-entry-829 grid-entry-overview grid-loop-6 grid-parity-even  junges-europaeisches-kino_sort nana-dzordzadze_sort  av_fullwidth first default_av_fullwidth '><article class='main_color inner-entry'  itemscope=\"itemscope\" itemtype=\"https:\/\/schema.org\/CreativeWork\" ><a href=\"https:\/\/f-films.deutsches-filminstitut.de\/cms\/film\/the-poet-rovachidze-su-1990\/\" title='The Poet Rovachidze, SU 1990 \\\\ Drehbuch, Regie'  data-rel='grid-1' class='grid-image avia-hover-fx'> <\/a><div class='grid-content'><div class='avia-arrow'><\/div><header class=\"entry-content-header\"><h3 class='grid-entry-title entry-title '  itemprop=\"headline\" ><a href='https:\/\/f-films.deutsches-filminstitut.de\/cms\/film\/the-poet-rovachidze-su-1990\/' title='The Poet Rovachidze, SU 1990 \\\\ Drehbuch, Regie'>The Poet Rovachidze, SU 1990 \\\\ Drehbuch, Regie<\/a><\/h3><\/header><\/div><footer class=\"entry-footer\"><\/footer><\/article><\/div><div data-ajax-id='828' class=' grid-entry flex_column isotope-item all_sort no_margin post-entry post-entry-828 grid-entry-overview grid-loop-7 grid-parity-odd  junges-europaeisches-kino_sort nana-dzordzadze_sort  av_fullwidth first default_av_fullwidth '><article class='main_color inner-entry'  itemscope=\"itemscope\" itemtype=\"https:\/\/schema.org\/CreativeWork\" ><a href=\"https:\/\/f-films.deutsches-filminstitut.de\/cms\/film\/robinzoniada-anu-chemi-ingliseli-papa-su-1986\/\" title='Robinzoniada, anu chemi ingliseli Papa, SU 1986 \\\\ Regie'  data-rel='grid-1' class='grid-image avia-hover-fx'> <\/a><div class='grid-content'><div class='avia-arrow'><\/div><header class=\"entry-content-header\"><h3 class='grid-entry-title entry-title '  itemprop=\"headline\" ><a href='https:\/\/f-films.deutsches-filminstitut.de\/cms\/film\/robinzoniada-anu-chemi-ingliseli-papa-su-1986\/' title='Robinzoniada, anu chemi ingliseli Papa, SU 1986 \\\\ Regie'>Robinzoniada, anu chemi ingliseli Papa, SU 1986 \\\\ Regie<\/a><\/h3><\/header><\/div><footer class=\"entry-footer\"><\/footer><\/article><\/div><div data-ajax-id='827' class=' grid-entry flex_column isotope-item all_sort no_margin post-entry post-entry-827 grid-entry-overview grid-loop-8 grid-parity-even  junges-europaeisches-kino_sort nana-dzordzadze_sort  av_fullwidth first default_av_fullwidth '><article class='main_color inner-entry'  itemscope=\"itemscope\" itemtype=\"https:\/\/schema.org\/CreativeWork\" ><a href=\"https:\/\/f-films.deutsches-filminstitut.de\/cms\/film\/erosi-su-1984\/\" title='Erosi, SU 1984 \\\\ Drehbuch, Regie'  data-rel='grid-1' class='grid-image avia-hover-fx'> <\/a><div class='grid-content'><div class='avia-arrow'><\/div><header class=\"entry-content-header\"><h3 class='grid-entry-title entry-title '  itemprop=\"headline\" ><a href='https:\/\/f-films.deutsches-filminstitut.de\/cms\/film\/erosi-su-1984\/' title='Erosi, SU 1984 \\\\ Drehbuch, Regie'>Erosi, SU 1984 \\\\ Drehbuch, Regie<\/a><\/h3><\/header><\/div><footer class=\"entry-footer\"><\/footer><\/article><\/div><div data-ajax-id='826' class=' grid-entry flex_column isotope-item all_sort no_margin post-entry post-entry-826 grid-entry-overview grid-loop-9 grid-parity-odd  junges-europaeisches-kino_sort nana-dzordzadze_sort  av_fullwidth first default_av_fullwidth '><article class='main_color inner-entry'  itemscope=\"itemscope\" itemtype=\"https:\/\/schema.org\/CreativeWork\" ><a href=\"https:\/\/f-films.deutsches-filminstitut.de\/cms\/film\/atlant-su-1979\/\" title='Atlant, SU 1979 \\\\ Drehbuch, Regie'  data-rel='grid-1' class='grid-image avia-hover-fx'> <\/a><div class='grid-content'><div class='avia-arrow'><\/div><header class=\"entry-content-header\"><h3 class='grid-entry-title entry-title '  itemprop=\"headline\" ><a href='https:\/\/f-films.deutsches-filminstitut.de\/cms\/film\/atlant-su-1979\/' title='Atlant, SU 1979 \\\\ Drehbuch, Regie'>Atlant, SU 1979 \\\\ Drehbuch, Regie<\/a><\/h3><\/header><\/div><footer class=\"entry-footer\"><\/footer><\/article><\/div><div data-ajax-id='825' class=' grid-entry flex_column isotope-item all_sort no_margin post-entry post-entry-825 grid-entry-overview grid-loop-10 grid-parity-even  post-entry-last  junges-europaeisches-kino_sort nana-dzordzadze_sort  av_fullwidth first default_av_fullwidth '><article class='main_color inner-entry'  itemscope=\"itemscope\" itemtype=\"https:\/\/schema.org\/CreativeWork\" ><a href=\"https:\/\/f-films.deutsches-filminstitut.de\/cms\/film\/mogzauroba-sopotshi-su-1979\/\" title='Mogzauroba Sopotshi, SU 1979 \\\\ Drehbuch, Regie'  data-rel='grid-1' class='grid-image avia-hover-fx'> <\/a><div class='grid-content'><div class='avia-arrow'><\/div><header class=\"entry-content-header\"><h3 class='grid-entry-title entry-title '  itemprop=\"headline\" ><a href='https:\/\/f-films.deutsches-filminstitut.de\/cms\/film\/mogzauroba-sopotshi-su-1979\/' title='Mogzauroba Sopotshi, SU 1979 \\\\ Drehbuch, Regie'>Mogzauroba Sopotshi, SU 1979 \\\\ Drehbuch, Regie<\/a><\/h3><\/header><\/div><footer class=\"entry-footer\"><\/footer><\/article><\/div><\/div><\/p><\/div>\n","protected":false},"excerpt":{"rendered":"","protected":false},"author":5,"featured_media":0,"parent":18,"menu_order":560,"comment_status":"closed","ping_status":"closed","template":"","meta":{"footnotes":""},"class_list":["post-167","page","type-page","status-publish","hentry"],"yoast_head":"<!-- This site is optimized with the Yoast SEO plugin v25.0 - https:\/\/yoast.com\/wordpress\/plugins\/seo\/ -->\n<title>Nana Dzordzadze - f_films: female filmworkers in europe<\/title>\n<meta name=\"robots\" content=\"index, follow, max-snippet:-1, max-image-preview:large, max-video-preview:-1\" \/>\n<link rel=\"canonical\" href=\"https:\/\/f-films.deutsches-filminstitut.de\/cms\/auswahl-regisseurinnen\/nana-dzordzadze\/\" \/>\n<meta property=\"og:locale\" content=\"de_DE\" \/>\n<meta property=\"og:type\" content=\"article\" \/>\n<meta property=\"og:title\" content=\"Nana Dzordzadze - f_films: female filmworkers in europe\" \/>\n<meta property=\"og:url\" content=\"https:\/\/f-films.deutsches-filminstitut.de\/cms\/auswahl-regisseurinnen\/nana-dzordzadze\/\" \/>\n<meta property=\"og:site_name\" content=\"f_films: female filmworkers in europe\" \/>\n<meta property=\"article:modified_time\" content=\"2014-12-17T11:43:58+00:00\" \/>\n<meta property=\"og:image\" content=\"http:\/\/f-films.deutsches-filminstitut.de\/cms\/medien\/2014\/10\/nana-d.jpg\" \/>\n<meta name=\"twitter:card\" content=\"summary_large_image\" \/>\n<meta name=\"twitter:label1\" content=\"Gesch\u00e4tzte Lesezeit\" \/>\n\t<meta name=\"twitter:data1\" content=\"2\u00a0Minuten\" \/>\n<script type=\"application\/ld+json\" class=\"yoast-schema-graph\">{\"@context\":\"https:\/\/schema.org\",\"@graph\":[{\"@type\":\"WebPage\",\"@id\":\"https:\/\/f-films.deutsches-filminstitut.de\/cms\/auswahl-regisseurinnen\/nana-dzordzadze\/\",\"url\":\"https:\/\/f-films.deutsches-filminstitut.de\/cms\/auswahl-regisseurinnen\/nana-dzordzadze\/\",\"name\":\"Nana Dzordzadze - f_films: female filmworkers in europe\",\"isPartOf\":{\"@id\":\"https:\/\/f-films.deutsches-filminstitut.de\/cms\/#website\"},\"primaryImageOfPage\":{\"@id\":\"https:\/\/f-films.deutsches-filminstitut.de\/cms\/auswahl-regisseurinnen\/nana-dzordzadze\/#primaryimage\"},\"image\":{\"@id\":\"https:\/\/f-films.deutsches-filminstitut.de\/cms\/auswahl-regisseurinnen\/nana-dzordzadze\/#primaryimage\"},\"thumbnailUrl\":\"http:\/\/f-films.deutsches-filminstitut.de\/cms\/medien\/2014\/10\/nana-d.jpg\",\"datePublished\":\"2014-09-23T10:35:39+00:00\",\"dateModified\":\"2014-12-17T11:43:58+00:00\",\"breadcrumb\":{\"@id\":\"https:\/\/f-films.deutsches-filminstitut.de\/cms\/auswahl-regisseurinnen\/nana-dzordzadze\/#breadcrumb\"},\"inLanguage\":\"de\",\"potentialAction\":[{\"@type\":\"ReadAction\",\"target\":[\"https:\/\/f-films.deutsches-filminstitut.de\/cms\/auswahl-regisseurinnen\/nana-dzordzadze\/\"]}]},{\"@type\":\"ImageObject\",\"inLanguage\":\"de\",\"@id\":\"https:\/\/f-films.deutsches-filminstitut.de\/cms\/auswahl-regisseurinnen\/nana-dzordzadze\/#primaryimage\",\"url\":\"http:\/\/f-films.deutsches-filminstitut.de\/cms\/medien\/2014\/10\/nana-d.jpg\",\"contentUrl\":\"http:\/\/f-films.deutsches-filminstitut.de\/cms\/medien\/2014\/10\/nana-d.jpg\"},{\"@type\":\"BreadcrumbList\",\"@id\":\"https:\/\/f-films.deutsches-filminstitut.de\/cms\/auswahl-regisseurinnen\/nana-dzordzadze\/#breadcrumb\",\"itemListElement\":[{\"@type\":\"ListItem\",\"position\":1,\"name\":\"Startseite\",\"item\":\"https:\/\/f-films.deutsches-filminstitut.de\/cms\/startseite\/\"},{\"@type\":\"ListItem\",\"position\":2,\"name\":\"Auswahl Regisseurinnen\",\"item\":\"https:\/\/f-films.deutsches-filminstitut.de\/cms\/auswahl-regisseurinnen\/\"},{\"@type\":\"ListItem\",\"position\":3,\"name\":\"Nana Dzordzadze\"}]},{\"@type\":\"WebSite\",\"@id\":\"https:\/\/f-films.deutsches-filminstitut.de\/cms\/#website\",\"url\":\"https:\/\/f-films.deutsches-filminstitut.de\/cms\/\",\"name\":\"f_films: female filmworkers in europe\",\"description\":\"Frauen im Film\",\"potentialAction\":[{\"@type\":\"SearchAction\",\"target\":{\"@type\":\"EntryPoint\",\"urlTemplate\":\"https:\/\/f-films.deutsches-filminstitut.de\/cms\/?s={search_term_string}\"},\"query-input\":{\"@type\":\"PropertyValueSpecification\",\"valueRequired\":true,\"valueName\":\"search_term_string\"}}],\"inLanguage\":\"de\"}]}<\/script>\n<!-- \/ Yoast SEO plugin. -->","yoast_head_json":{"title":"Nana Dzordzadze - f_films: female filmworkers in europe","robots":{"index":"index","follow":"follow","max-snippet":"max-snippet:-1","max-image-preview":"max-image-preview:large","max-video-preview":"max-video-preview:-1"},"canonical":"https:\/\/f-films.deutsches-filminstitut.de\/cms\/auswahl-regisseurinnen\/nana-dzordzadze\/","og_locale":"de_DE","og_type":"article","og_title":"Nana Dzordzadze - f_films: female filmworkers in europe","og_url":"https:\/\/f-films.deutsches-filminstitut.de\/cms\/auswahl-regisseurinnen\/nana-dzordzadze\/","og_site_name":"f_films: female filmworkers in europe","article_modified_time":"2014-12-17T11:43:58+00:00","og_image":[{"url":"http:\/\/f-films.deutsches-filminstitut.de\/cms\/medien\/2014\/10\/nana-d.jpg","type":"","width":"","height":""}],"twitter_card":"summary_large_image","twitter_misc":{"Gesch\u00e4tzte Lesezeit":"2\u00a0Minuten"},"schema":{"@context":"https:\/\/schema.org","@graph":[{"@type":"WebPage","@id":"https:\/\/f-films.deutsches-filminstitut.de\/cms\/auswahl-regisseurinnen\/nana-dzordzadze\/","url":"https:\/\/f-films.deutsches-filminstitut.de\/cms\/auswahl-regisseurinnen\/nana-dzordzadze\/","name":"Nana Dzordzadze - f_films: female filmworkers in europe","isPartOf":{"@id":"https:\/\/f-films.deutsches-filminstitut.de\/cms\/#website"},"primaryImageOfPage":{"@id":"https:\/\/f-films.deutsches-filminstitut.de\/cms\/auswahl-regisseurinnen\/nana-dzordzadze\/#primaryimage"},"image":{"@id":"https:\/\/f-films.deutsches-filminstitut.de\/cms\/auswahl-regisseurinnen\/nana-dzordzadze\/#primaryimage"},"thumbnailUrl":"http:\/\/f-films.deutsches-filminstitut.de\/cms\/medien\/2014\/10\/nana-d.jpg","datePublished":"2014-09-23T10:35:39+00:00","dateModified":"2014-12-17T11:43:58+00:00","breadcrumb":{"@id":"https:\/\/f-films.deutsches-filminstitut.de\/cms\/auswahl-regisseurinnen\/nana-dzordzadze\/#breadcrumb"},"inLanguage":"de","potentialAction":[{"@type":"ReadAction","target":["https:\/\/f-films.deutsches-filminstitut.de\/cms\/auswahl-regisseurinnen\/nana-dzordzadze\/"]}]},{"@type":"ImageObject","inLanguage":"de","@id":"https:\/\/f-films.deutsches-filminstitut.de\/cms\/auswahl-regisseurinnen\/nana-dzordzadze\/#primaryimage","url":"http:\/\/f-films.deutsches-filminstitut.de\/cms\/medien\/2014\/10\/nana-d.jpg","contentUrl":"http:\/\/f-films.deutsches-filminstitut.de\/cms\/medien\/2014\/10\/nana-d.jpg"},{"@type":"BreadcrumbList","@id":"https:\/\/f-films.deutsches-filminstitut.de\/cms\/auswahl-regisseurinnen\/nana-dzordzadze\/#breadcrumb","itemListElement":[{"@type":"ListItem","position":1,"name":"Startseite","item":"https:\/\/f-films.deutsches-filminstitut.de\/cms\/startseite\/"},{"@type":"ListItem","position":2,"name":"Auswahl Regisseurinnen","item":"https:\/\/f-films.deutsches-filminstitut.de\/cms\/auswahl-regisseurinnen\/"},{"@type":"ListItem","position":3,"name":"Nana Dzordzadze"}]},{"@type":"WebSite","@id":"https:\/\/f-films.deutsches-filminstitut.de\/cms\/#website","url":"https:\/\/f-films.deutsches-filminstitut.de\/cms\/","name":"f_films: female filmworkers in europe","description":"Frauen im Film","potentialAction":[{"@type":"SearchAction","target":{"@type":"EntryPoint","urlTemplate":"https:\/\/f-films.deutsches-filminstitut.de\/cms\/?s={search_term_string}"},"query-input":{"@type":"PropertyValueSpecification","valueRequired":true,"valueName":"search_term_string"}}],"inLanguage":"de"}]}},"_links":{"self":[{"href":"https:\/\/f-films.deutsches-filminstitut.de\/cms\/wp-json\/wp\/v2\/pages\/167","targetHints":{"allow":["GET"]}}],"collection":[{"href":"https:\/\/f-films.deutsches-filminstitut.de\/cms\/wp-json\/wp\/v2\/pages"}],"about":[{"href":"https:\/\/f-films.deutsches-filminstitut.de\/cms\/wp-json\/wp\/v2\/types\/page"}],"author":[{"embeddable":true,"href":"https:\/\/f-films.deutsches-filminstitut.de\/cms\/wp-json\/wp\/v2\/users\/5"}],"replies":[{"embeddable":true,"href":"https:\/\/f-films.deutsches-filminstitut.de\/cms\/wp-json\/wp\/v2\/comments?post=167"}],"version-history":[{"count":5,"href":"https:\/\/f-films.deutsches-filminstitut.de\/cms\/wp-json\/wp\/v2\/pages\/167\/revisions"}],"predecessor-version":[{"id":2809,"href":"https:\/\/f-films.deutsches-filminstitut.de\/cms\/wp-json\/wp\/v2\/pages\/167\/revisions\/2809"}],"up":[{"embeddable":true,"href":"https:\/\/f-films.deutsches-filminstitut.de\/cms\/wp-json\/wp\/v2\/pages\/18"}],"wp:attachment":[{"href":"https:\/\/f-films.deutsches-filminstitut.de\/cms\/wp-json\/wp\/v2\/media?parent=167"}],"curies":[{"name":"wp","href":"https:\/\/api.w.org\/{rel}","templated":true}]}}