{"id":181,"date":"2014-09-23T12:40:26","date_gmt":"2014-09-23T10:40:26","guid":{"rendered":"http:\/\/f-films.deutsches-filminstitut.de\/cms\/?page_id=181"},"modified":"2014-12-17T16:26:07","modified_gmt":"2014-12-17T14:26:07","slug":"maria-speth","status":"publish","type":"page","link":"https:\/\/f-films.deutsches-filminstitut.de\/cms\/auswahl-regisseurinnen\/maria-speth\/","title":{"rendered":"Maria Speth"},"content":{"rendered":"<div id='full_slider_1'  class='avia-fullwidth-slider main_color avia-shadow   avia-builder-el-0  el_before_av_three_fourth  avia-builder-el-first   container_wrap fullsize' style=' '  ><div   data-size='featured'  data-lightbox_size='large'  data-animation='slide'  data-conditional_play=''  data-ids='908,909'  data-video_counter='0'  data-autoplay='true'  data-bg_slider='false'  data-slide_height=''  data-handle='av_slideshow_full'  data-interval='3'  data-class=' '  data-el_id=''  data-css_id=''  data-scroll_down=''  data-control_layout='av-control-default'  data-custom_markup=''  data-perma_caption=''  data-autoplay_stopper=''  data-image_attachment=''  data-min_height='0px'  data-lazy_loading='disabled'  data-src=''  data-position='top left'  data-repeat='no-repeat'  data-attach='scroll'  data-stretch=''  data-default-height='28.666666666667'  class='avia-slideshow avia-slideshow-1  av-control-default av-default-height-applied avia-slideshow-featured av_slideshow_full   avia-slide-slider '  itemprop=\"image\" itemscope=\"itemscope\" itemtype=\"https:\/\/schema.org\/ImageObject\" ><ul class='avia-slideshow-inner ' style='padding-bottom: 41.9921875%;' ><li  class=' slide-1 ' ><div data-rel='slideshow-1' class='avia-slide-wrap '   ><img decoding=\"async\" class=\"wp-image-908 avia-img-lazy-loading-not-908\"  src=\"https:\/\/f-films.deutsches-filminstitut.de\/cms\/medien\/2014\/10\/Speth-Maria1-b1024px-wz-1024x430.jpg\" width=\"1024\" height=\"430\" title='Speth-Maria1-b1024px-wz' alt=''  itemprop=\"thumbnailUrl\"   \/><\/div><\/li><li  class=' slide-2 ' ><div data-rel='slideshow-1' class='avia-slide-wrap '   ><img decoding=\"async\" class=\"wp-image-909 avia-img-lazy-loading-not-909\"  src=\"https:\/\/f-films.deutsches-filminstitut.de\/cms\/medien\/2014\/10\/Speth-Maria2-h1024px-wz-1024x430.jpg\" width=\"1024\" height=\"430\" title='Speth-Maria2-h1024px-wz' alt=''  itemprop=\"thumbnailUrl\"   \/><\/div><\/li><\/ul><div class='avia-slideshow-arrows avia-slideshow-controls'><a href='#prev' class='prev-slide' aria-hidden='true' data-av_icon='\ue87c' data-av_iconfont='entypo-fontello' aria-hidden=\"true\" tabindex=\"-1\">Zur\u00fcck<\/a><a href='#next' class='next-slide' aria-hidden='true' data-av_icon='\ue87d' data-av_iconfont='entypo-fontello' aria-hidden=\"true\" tabindex=\"-1\">Weiter<\/a><\/div><div class='avia-slideshow-dots avia-slideshow-controls'><a href='#1' class='goto-slide active' >1<\/a><a href='#2' class='goto-slide ' >2<\/a><\/div><\/div><\/div><div id='after_full_slider_1'  class='main_color av_default_container_wrap container_wrap fullsize' style=' '  ><div class='container' ><div class='template-page content  av-content-full alpha units'><div class='post-entry post-entry-type-page post-entry-181'><div class='entry-content-wrapper clearfix'>\n<div class=\"flex_column av_three_fourth  flex_column_div first  avia-builder-el-1  el_after_av_slideshow_full  avia-builder-el-no-sibling  \" ><section class=\"av_textblock_section \"  itemscope=\"itemscope\" itemtype=\"https:\/\/schema.org\/CreativeWork\" ><div class='avia_textblock  '   itemprop=\"text\" ><h3 style=\"text-align: justify;\">Maria Speth<\/h3>\n<div class=\"pane-content\" style=\"text-align: justify;\">\n<p>Maria Speth, geboren 1967 in Tittling, studierte an der Hochschule f\u00fcr Film und Fernsehen &#8222;Konrad Wolf&#8220; in Potsdam-Babelsberg. Ab 1991 arbeitete sie als Schnitt- und Regieassistentin bei Kino- und Fernsehfilmproduktionen. Ihr Kurzfilm &#8222;Barfu\u00df&#8220; (1999) wurde bei den Oberhausener Kurzfilmtagen mit dem 3Sat-F\u00f6rderpreis ausgezeichnet. Zwei Jahre sp\u00e4ter feierte beim Filmfestival Max Oph\u00fcls Preis Speths Langfilmdeb\u00fct &#8222;In den Tag hinein&#8220; Premiere. Die Liebesgeschichte \u00fcber eine Berlinerin am Scheidepunkt zwischen einer festgefahrenen Beziehung und der neuen Liebe zu einem seelenverwandten Japaner wurde unter anderem auf dem Filmfestival Rotterdam preisgekr\u00f6nt. Ihr Drama &#8222;Madonnen&#8220; (2007), \u00fcber eine mehrfache Mutter, die nach einer Haftstrafe versucht, sich eine &#8222;normale&#8220; Existenz aufzubauen, erhielt den Hessischen Filmpreis als Bester Film.<\/p>\n<p>2009 gr\u00fcndete Speth die Produktionsfirma Madonnen Film und realisierte ihren ersten Dokumentarfilm: &#8222;9 Leben&#8220; (2010) portr\u00e4tiert neun junge Menschen, die dauerhaft auf der Stra\u00dfe leben. Beim DOK-Fest Leipzig wurde &#8222;9 Leben&#8220; mit dem DEFA-F\u00f6rderpreis ausgezeichnet.<\/p>\n<p>Im Forum der Berlinale 2014 feierte Speths Spielfilm &#8222;T\u00f6chter&#8220; Premiere: Das Drama erz\u00e4hlt von einer Mutter, die in Berlin ihre von zu Hause fortgelaufene Tochter sucht und dabei eine \u00e4u\u00dferst eigenwillige Streunerin kennen lernt. Im Sp\u00e4tsommer 2014 startete der Film regul\u00e4r in den Kinos.<\/p>\n<\/div>\n<\/div><\/section><br \/>\n<div  class='avia-gallery  avia-gallery-1 avia_lazyload avia-gallery-animate avia_animate_when_visible  avia-builder-el-3  el_after_av_textblock  el_before_av_heading '  itemprop=\"image\" itemscope=\"itemscope\" itemtype=\"https:\/\/schema.org\/ImageObject\" ><div class='avia-gallery-thumb'> <a href=\"https:\/\/f-films.deutsches-filminstitut.de\/cms\/medien\/2014\/10\/Speth-Maria2-h1024px-wz.jpg\" href=\"1024\" href=\"1024\" href=\"\" data-srcset=\"https:\/\/f-films.deutsches-filminstitut.de\/cms\/medien\/2014\/10\/Speth-Maria2-h1024px-wz.jpg 1024w, https:\/\/f-films.deutsches-filminstitut.de\/cms\/medien\/2014\/10\/Speth-Maria2-h1024px-wz-80x80.jpg 80w, https:\/\/f-films.deutsches-filminstitut.de\/cms\/medien\/2014\/10\/Speth-Maria2-h1024px-wz-300x300.jpg 300w, https:\/\/f-films.deutsches-filminstitut.de\/cms\/medien\/2014\/10\/Speth-Maria2-h1024px-wz-36x36.jpg 36w, https:\/\/f-films.deutsches-filminstitut.de\/cms\/medien\/2014\/10\/Speth-Maria2-h1024px-wz-180x180.jpg 180w, https:\/\/f-films.deutsches-filminstitut.de\/cms\/medien\/2014\/10\/Speth-Maria2-h1024px-wz-705x705.jpg 705w, https:\/\/f-films.deutsches-filminstitut.de\/cms\/medien\/2014\/10\/Speth-Maria2-h1024px-wz-120x120.jpg 120w, https:\/\/f-films.deutsches-filminstitut.de\/cms\/medien\/2014\/10\/Speth-Maria2-h1024px-wz-450x450.jpg 450w\" data-sizes=\"(max-width: 1024px) 100vw, 1024px\" data-rel='gallery-1' data-prev-img='https:\/\/f-films.deutsches-filminstitut.de\/cms\/medien\/2014\/10\/Speth-Maria2-h1024px-wz-495x400.jpg' class='first_thumb lightbox ' data-onclick='1' title='Maria Speth'  itemprop=\"thumbnailUrl\"  ><img decoding=\"async\" class=\"wp-image-909 avia-img-lazy-loading-not-909\"  data-avia-tooltip='Maria Speth' src=\"https:\/\/f-films.deutsches-filminstitut.de\/cms\/medien\/2014\/10\/Speth-Maria2-h1024px-wz.jpg\" width=\"1024\" height=\"1024\"  title='Speth-Maria2-h1024px-wz' alt='' srcset=\"https:\/\/f-films.deutsches-filminstitut.de\/cms\/medien\/2014\/10\/Speth-Maria2-h1024px-wz.jpg 1024w, https:\/\/f-films.deutsches-filminstitut.de\/cms\/medien\/2014\/10\/Speth-Maria2-h1024px-wz-80x80.jpg 80w, https:\/\/f-films.deutsches-filminstitut.de\/cms\/medien\/2014\/10\/Speth-Maria2-h1024px-wz-300x300.jpg 300w, https:\/\/f-films.deutsches-filminstitut.de\/cms\/medien\/2014\/10\/Speth-Maria2-h1024px-wz-36x36.jpg 36w, https:\/\/f-films.deutsches-filminstitut.de\/cms\/medien\/2014\/10\/Speth-Maria2-h1024px-wz-180x180.jpg 180w, https:\/\/f-films.deutsches-filminstitut.de\/cms\/medien\/2014\/10\/Speth-Maria2-h1024px-wz-705x705.jpg 705w, https:\/\/f-films.deutsches-filminstitut.de\/cms\/medien\/2014\/10\/Speth-Maria2-h1024px-wz-120x120.jpg 120w, https:\/\/f-films.deutsches-filminstitut.de\/cms\/medien\/2014\/10\/Speth-Maria2-h1024px-wz-450x450.jpg 450w\" sizes=\"(max-width: 1024px) 100vw, 1024px\" \/><\/a> <a href=\"https:\/\/f-films.deutsches-filminstitut.de\/cms\/medien\/2014\/10\/Speth-Maria1-b1024px-wz.jpg\" href=\"1024\" href=\"699\" href=\"\" data-srcset=\"https:\/\/f-films.deutsches-filminstitut.de\/cms\/medien\/2014\/10\/Speth-Maria1-b1024px-wz.jpg 1024w, https:\/\/f-films.deutsches-filminstitut.de\/cms\/medien\/2014\/10\/Speth-Maria1-b1024px-wz-300x204.jpg 300w, https:\/\/f-films.deutsches-filminstitut.de\/cms\/medien\/2014\/10\/Speth-Maria1-b1024px-wz-705x481.jpg 705w, https:\/\/f-films.deutsches-filminstitut.de\/cms\/medien\/2014\/10\/Speth-Maria1-b1024px-wz-450x307.jpg 450w\" data-sizes=\"(max-width: 1024px) 100vw, 1024px\" data-rel='gallery-1' data-prev-img='https:\/\/f-films.deutsches-filminstitut.de\/cms\/medien\/2014\/10\/Speth-Maria1-b1024px-wz-495x400.jpg' class='lightbox ' data-onclick='2' title='Maria Speth'  itemprop=\"thumbnailUrl\"  ><img decoding=\"async\" class=\"wp-image-908 avia-img-lazy-loading-not-908\"  data-avia-tooltip='Maria Speth' src=\"https:\/\/f-films.deutsches-filminstitut.de\/cms\/medien\/2014\/10\/Speth-Maria1-b1024px-wz.jpg\" width=\"1024\" height=\"699\"  title='Speth-Maria1-b1024px-wz' alt='' srcset=\"https:\/\/f-films.deutsches-filminstitut.de\/cms\/medien\/2014\/10\/Speth-Maria1-b1024px-wz.jpg 1024w, https:\/\/f-films.deutsches-filminstitut.de\/cms\/medien\/2014\/10\/Speth-Maria1-b1024px-wz-300x204.jpg 300w, https:\/\/f-films.deutsches-filminstitut.de\/cms\/medien\/2014\/10\/Speth-Maria1-b1024px-wz-705x481.jpg 705w, https:\/\/f-films.deutsches-filminstitut.de\/cms\/medien\/2014\/10\/Speth-Maria1-b1024px-wz-450x307.jpg 450w\" sizes=\"(max-width: 1024px) 100vw, 1024px\" \/><\/a><\/div><\/div><br \/>\n<div  style='padding-bottom:10px; ' class='av-special-heading av-special-heading-h4  blockquote modern-quote  avia-builder-el-4  el_after_av_gallery  el_before_av_portfolio  avia-builder-el-last  '><h4 class='av-special-heading-tag '  itemprop=\"headline\"  >Filmographie<\/h4><div class='special-heading-border'><div class='special-heading-inner-border' ><\/div><\/div><\/div><br \/>\n<div class='portfolio_preview_container ' data-portfolio-id='1'>\n\t\t\t\t\t\t\t\t<div class='ajax_controlls iconfont'>\n\t\t\t\t\t\t\t\t\t<a href='#prev' class='ajax_previous' \taria-hidden='true' data-av_icon='\ue878' data-av_iconfont='entypo-fontello'><\/a>\n\t\t\t\t\t\t\t\t\t<a href='#next' class='ajax_next'\t\taria-hidden='true' data-av_icon='\ue879' data-av_iconfont='entypo-fontello'><\/a>\n\t\t\t\t\t\t\t\t\t<a class='avia_close' href='#close'\t\taria-hidden='true' data-av_icon='\ue814' data-av_iconfont='entypo-fontello'><\/a>\n\t\t\t\t\t\t\t\t<\/div>\n\t\t\t\t\t\t\t\t<div class='portfolio-details-inner'><\/div>\n\t\t\t\t\t\t\t<\/div><div  id=\"av-sc-portfolio-1\"  class=' grid-sort-container isotope   no_margin-container with-excerpt-container grid-total-odd grid-col-1 grid-links-ajax' data-portfolio-id='1'><div data-ajax-id='2282' class=' grid-entry flex_column isotope-item all_sort no_margin post-entry post-entry-2282 grid-entry-overview grid-loop-1 grid-parity-odd  junges-europaeisches-kino_sort maria-speth_sort  av_fullwidth first default_av_fullwidth '><article class='main_color inner-entry'  itemscope=\"itemscope\" itemtype=\"https:\/\/schema.org\/CreativeWork\" ><a href=\"https:\/\/f-films.deutsches-filminstitut.de\/cms\/film\/toechter-de-2012-14-regie-drehbuch-schnitt-produzent\/\" title='T\u00f6chter, DE 2012-14 \\\\ Regie, Drehbuch, Schnitt, Produzent'  data-rel='grid-1' class='grid-image avia-hover-fx'> <\/a><div class='grid-content'><div class='avia-arrow'><\/div><header class=\"entry-content-header\"><h3 class='grid-entry-title entry-title '  itemprop=\"headline\" ><a href='https:\/\/f-films.deutsches-filminstitut.de\/cms\/film\/toechter-de-2012-14-regie-drehbuch-schnitt-produzent\/' title='T\u00f6chter, DE 2012-14 \\\\ Regie, Drehbuch, Schnitt, Produzent'>T\u00f6chter, DE 2012-14 \\\\ Regie, Drehbuch, Schnitt, Produzent<\/a><\/h3><\/header><\/div><footer class=\"entry-footer\"><\/footer><\/article><\/div><div data-ajax-id='2274' class=' grid-entry flex_column isotope-item all_sort no_margin post-entry post-entry-2274 grid-entry-overview grid-loop-2 grid-parity-even  junges-europaeisches-kino_sort maria-speth_sort  av_fullwidth first default_av_fullwidth '><article class='main_color inner-entry'  itemscope=\"itemscope\" itemtype=\"https:\/\/schema.org\/CreativeWork\" ><a href=\"https:\/\/f-films.deutsches-filminstitut.de\/cms\/film\/9-leben-de-2010-regie-drehbuch-schnitt-produzent\/\" title='9 Leben, DE 2010 \\\\ Regie, Drehbuch, Schnitt, Produzent'  data-rel='grid-1' class='grid-image avia-hover-fx'> <\/a><div class='grid-content'><div class='avia-arrow'><\/div><header class=\"entry-content-header\"><h3 class='grid-entry-title entry-title '  itemprop=\"headline\" ><a href='https:\/\/f-films.deutsches-filminstitut.de\/cms\/film\/9-leben-de-2010-regie-drehbuch-schnitt-produzent\/' title='9 Leben, DE 2010 \\\\ Regie, Drehbuch, Schnitt, Produzent'>9 Leben, DE 2010 \\\\ Regie, Drehbuch, Schnitt, Produzent<\/a><\/h3><\/header><\/div><footer class=\"entry-footer\"><\/footer><\/article><\/div><div data-ajax-id='2273' class=' grid-entry flex_column isotope-item all_sort no_margin post-entry post-entry-2273 grid-entry-overview grid-loop-3 grid-parity-odd  junges-europaeisches-kino_sort maria-speth_sort  av_fullwidth first default_av_fullwidth '><article class='main_color inner-entry'  itemscope=\"itemscope\" itemtype=\"https:\/\/schema.org\/CreativeWork\" ><a href=\"https:\/\/f-films.deutsches-filminstitut.de\/cms\/film\/madonnen-dechbe-2007-regie-drehbuch\/\" title='Madonnen, DE\/CH\/BE 2007 \\\\ Regie, Drehbuch, Schnitt'  data-rel='grid-1' class='grid-image avia-hover-fx'> <\/a><div class='grid-content'><div class='avia-arrow'><\/div><header class=\"entry-content-header\"><h3 class='grid-entry-title entry-title '  itemprop=\"headline\" ><a href='https:\/\/f-films.deutsches-filminstitut.de\/cms\/film\/madonnen-dechbe-2007-regie-drehbuch\/' title='Madonnen, DE\/CH\/BE 2007 \\\\ Regie, Drehbuch, Schnitt'>Madonnen, DE\/CH\/BE 2007 \\\\ Regie, Drehbuch, Schnitt<\/a><\/h3><\/header><\/div><footer class=\"entry-footer\"><\/footer><\/article><\/div><div data-ajax-id='869' class=' grid-entry flex_column isotope-item all_sort no_margin post-entry post-entry-869 grid-entry-overview grid-loop-4 grid-parity-even  junges-europaeisches-kino_sort maria-speth_sort  av_fullwidth first default_av_fullwidth '><article class='main_color inner-entry'  itemscope=\"itemscope\" itemtype=\"https:\/\/schema.org\/CreativeWork\" ><a href=\"https:\/\/f-films.deutsches-filminstitut.de\/cms\/film\/in-den-tag-hinein-de-20002001\/\" title='In den Tag hinein, DE 2000\/2001 \\\\ Regie, Drehbuch'  data-rel='grid-1' class='grid-image avia-hover-fx'> <\/a><div class='grid-content'><div class='avia-arrow'><\/div><header class=\"entry-content-header\"><h3 class='grid-entry-title entry-title '  itemprop=\"headline\" ><a href='https:\/\/f-films.deutsches-filminstitut.de\/cms\/film\/in-den-tag-hinein-de-20002001\/' title='In den Tag hinein, DE 2000\/2001 \\\\ Regie, Drehbuch'>In den Tag hinein, DE 2000\/2001 \\\\ Regie, Drehbuch<\/a><\/h3><\/header><\/div><footer class=\"entry-footer\"><\/footer><\/article><\/div><div data-ajax-id='868' class=' grid-entry flex_column isotope-item all_sort no_margin post-entry post-entry-868 grid-entry-overview grid-loop-5 grid-parity-odd  junges-europaeisches-kino_sort maria-speth_sort  av_fullwidth first default_av_fullwidth '><article class='main_color inner-entry'  itemscope=\"itemscope\" itemtype=\"https:\/\/schema.org\/CreativeWork\" ><a href=\"https:\/\/f-films.deutsches-filminstitut.de\/cms\/film\/barfuss-de-1999\/\" title='Barfuss, DE 1999 \\\\ Regie'  data-rel='grid-1' class='grid-image avia-hover-fx'> <\/a><div class='grid-content'><div class='avia-arrow'><\/div><header class=\"entry-content-header\"><h3 class='grid-entry-title entry-title '  itemprop=\"headline\" ><a href='https:\/\/f-films.deutsches-filminstitut.de\/cms\/film\/barfuss-de-1999\/' title='Barfuss, DE 1999 \\\\ Regie'>Barfuss, DE 1999 \\\\ Regie<\/a><\/h3><\/header><\/div><footer class=\"entry-footer\"><\/footer><\/article><\/div><div data-ajax-id='867' class=' grid-entry flex_column isotope-item all_sort no_margin post-entry post-entry-867 grid-entry-overview grid-loop-6 grid-parity-even  junges-europaeisches-kino_sort maria-speth_sort  av_fullwidth first default_av_fullwidth '><article class='main_color inner-entry'  itemscope=\"itemscope\" itemtype=\"https:\/\/schema.org\/CreativeWork\" ><a href=\"https:\/\/f-films.deutsches-filminstitut.de\/cms\/film\/knastmuetter-de-1997\/\" title='Knastm\u00fctter, DE 1997 \\\\ Regie'  data-rel='grid-1' class='grid-image avia-hover-fx'> <\/a><div class='grid-content'><div class='avia-arrow'><\/div><header class=\"entry-content-header\"><h3 class='grid-entry-title entry-title '  itemprop=\"headline\" ><a href='https:\/\/f-films.deutsches-filminstitut.de\/cms\/film\/knastmuetter-de-1997\/' title='Knastm\u00fctter, DE 1997 \\\\ Regie'>Knastm\u00fctter, DE 1997 \\\\ Regie<\/a><\/h3><\/header><\/div><footer class=\"entry-footer\"><\/footer><\/article><\/div><div data-ajax-id='866' class=' grid-entry flex_column isotope-item all_sort no_margin post-entry post-entry-866 grid-entry-overview grid-loop-7 grid-parity-odd  post-entry-last  junges-europaeisches-kino_sort maria-speth_sort  av_fullwidth first default_av_fullwidth '><article class='main_color inner-entry'  itemscope=\"itemscope\" itemtype=\"https:\/\/schema.org\/CreativeWork\" ><a href=\"https:\/\/f-films.deutsches-filminstitut.de\/cms\/film\/mittwoch-de-1995\/\" title='Mittwoch, DE 1995 \\\\ Regie'  data-rel='grid-1' class='grid-image avia-hover-fx'> <\/a><div class='grid-content'><div class='avia-arrow'><\/div><header class=\"entry-content-header\"><h3 class='grid-entry-title entry-title '  itemprop=\"headline\" ><a href='https:\/\/f-films.deutsches-filminstitut.de\/cms\/film\/mittwoch-de-1995\/' title='Mittwoch, DE 1995 \\\\ Regie'>Mittwoch, DE 1995 \\\\ Regie<\/a><\/h3><\/header><\/div><footer class=\"entry-footer\"><\/footer><\/article><\/div><\/div><\/p><\/div>\n","protected":false},"excerpt":{"rendered":"","protected":false},"author":5,"featured_media":0,"parent":18,"menu_order":620,"comment_status":"closed","ping_status":"closed","template":"","meta":{"footnotes":""},"class_list":["post-181","page","type-page","status-publish","hentry"],"yoast_head":"<!-- This site is optimized with the Yoast SEO plugin v25.0 - https:\/\/yoast.com\/wordpress\/plugins\/seo\/ -->\n<title>Maria Speth - f_films: female filmworkers in europe<\/title>\n<meta name=\"robots\" content=\"index, follow, max-snippet:-1, max-image-preview:large, max-video-preview:-1\" \/>\n<link rel=\"canonical\" href=\"https:\/\/f-films.deutsches-filminstitut.de\/cms\/auswahl-regisseurinnen\/maria-speth\/\" \/>\n<meta property=\"og:locale\" content=\"de_DE\" \/>\n<meta property=\"og:type\" content=\"article\" \/>\n<meta property=\"og:title\" content=\"Maria Speth - f_films: female filmworkers in europe\" \/>\n<meta property=\"og:url\" content=\"https:\/\/f-films.deutsches-filminstitut.de\/cms\/auswahl-regisseurinnen\/maria-speth\/\" \/>\n<meta property=\"og:site_name\" content=\"f_films: female filmworkers in europe\" \/>\n<meta property=\"article:modified_time\" content=\"2014-12-17T14:26:07+00:00\" \/>\n<meta name=\"twitter:card\" content=\"summary_large_image\" \/>\n<meta name=\"twitter:label1\" content=\"Gesch\u00e4tzte Lesezeit\" \/>\n\t<meta name=\"twitter:data1\" content=\"2\u00a0Minuten\" \/>\n<script type=\"application\/ld+json\" class=\"yoast-schema-graph\">{\"@context\":\"https:\/\/schema.org\",\"@graph\":[{\"@type\":\"WebPage\",\"@id\":\"https:\/\/f-films.deutsches-filminstitut.de\/cms\/auswahl-regisseurinnen\/maria-speth\/\",\"url\":\"https:\/\/f-films.deutsches-filminstitut.de\/cms\/auswahl-regisseurinnen\/maria-speth\/\",\"name\":\"Maria Speth - f_films: female filmworkers in europe\",\"isPartOf\":{\"@id\":\"https:\/\/f-films.deutsches-filminstitut.de\/cms\/#website\"},\"datePublished\":\"2014-09-23T10:40:26+00:00\",\"dateModified\":\"2014-12-17T14:26:07+00:00\",\"breadcrumb\":{\"@id\":\"https:\/\/f-films.deutsches-filminstitut.de\/cms\/auswahl-regisseurinnen\/maria-speth\/#breadcrumb\"},\"inLanguage\":\"de\",\"potentialAction\":[{\"@type\":\"ReadAction\",\"target\":[\"https:\/\/f-films.deutsches-filminstitut.de\/cms\/auswahl-regisseurinnen\/maria-speth\/\"]}]},{\"@type\":\"BreadcrumbList\",\"@id\":\"https:\/\/f-films.deutsches-filminstitut.de\/cms\/auswahl-regisseurinnen\/maria-speth\/#breadcrumb\",\"itemListElement\":[{\"@type\":\"ListItem\",\"position\":1,\"name\":\"Startseite\",\"item\":\"https:\/\/f-films.deutsches-filminstitut.de\/cms\/startseite\/\"},{\"@type\":\"ListItem\",\"position\":2,\"name\":\"Auswahl Regisseurinnen\",\"item\":\"https:\/\/f-films.deutsches-filminstitut.de\/cms\/auswahl-regisseurinnen\/\"},{\"@type\":\"ListItem\",\"position\":3,\"name\":\"Maria Speth\"}]},{\"@type\":\"WebSite\",\"@id\":\"https:\/\/f-films.deutsches-filminstitut.de\/cms\/#website\",\"url\":\"https:\/\/f-films.deutsches-filminstitut.de\/cms\/\",\"name\":\"f_films: female filmworkers in europe\",\"description\":\"Frauen im Film\",\"potentialAction\":[{\"@type\":\"SearchAction\",\"target\":{\"@type\":\"EntryPoint\",\"urlTemplate\":\"https:\/\/f-films.deutsches-filminstitut.de\/cms\/?s={search_term_string}\"},\"query-input\":{\"@type\":\"PropertyValueSpecification\",\"valueRequired\":true,\"valueName\":\"search_term_string\"}}],\"inLanguage\":\"de\"}]}<\/script>\n<!-- \/ Yoast SEO plugin. -->","yoast_head_json":{"title":"Maria Speth - f_films: female filmworkers in europe","robots":{"index":"index","follow":"follow","max-snippet":"max-snippet:-1","max-image-preview":"max-image-preview:large","max-video-preview":"max-video-preview:-1"},"canonical":"https:\/\/f-films.deutsches-filminstitut.de\/cms\/auswahl-regisseurinnen\/maria-speth\/","og_locale":"de_DE","og_type":"article","og_title":"Maria Speth - f_films: female filmworkers in europe","og_url":"https:\/\/f-films.deutsches-filminstitut.de\/cms\/auswahl-regisseurinnen\/maria-speth\/","og_site_name":"f_films: female filmworkers in europe","article_modified_time":"2014-12-17T14:26:07+00:00","twitter_card":"summary_large_image","twitter_misc":{"Gesch\u00e4tzte Lesezeit":"2\u00a0Minuten"},"schema":{"@context":"https:\/\/schema.org","@graph":[{"@type":"WebPage","@id":"https:\/\/f-films.deutsches-filminstitut.de\/cms\/auswahl-regisseurinnen\/maria-speth\/","url":"https:\/\/f-films.deutsches-filminstitut.de\/cms\/auswahl-regisseurinnen\/maria-speth\/","name":"Maria Speth - f_films: female filmworkers in europe","isPartOf":{"@id":"https:\/\/f-films.deutsches-filminstitut.de\/cms\/#website"},"datePublished":"2014-09-23T10:40:26+00:00","dateModified":"2014-12-17T14:26:07+00:00","breadcrumb":{"@id":"https:\/\/f-films.deutsches-filminstitut.de\/cms\/auswahl-regisseurinnen\/maria-speth\/#breadcrumb"},"inLanguage":"de","potentialAction":[{"@type":"ReadAction","target":["https:\/\/f-films.deutsches-filminstitut.de\/cms\/auswahl-regisseurinnen\/maria-speth\/"]}]},{"@type":"BreadcrumbList","@id":"https:\/\/f-films.deutsches-filminstitut.de\/cms\/auswahl-regisseurinnen\/maria-speth\/#breadcrumb","itemListElement":[{"@type":"ListItem","position":1,"name":"Startseite","item":"https:\/\/f-films.deutsches-filminstitut.de\/cms\/startseite\/"},{"@type":"ListItem","position":2,"name":"Auswahl Regisseurinnen","item":"https:\/\/f-films.deutsches-filminstitut.de\/cms\/auswahl-regisseurinnen\/"},{"@type":"ListItem","position":3,"name":"Maria Speth"}]},{"@type":"WebSite","@id":"https:\/\/f-films.deutsches-filminstitut.de\/cms\/#website","url":"https:\/\/f-films.deutsches-filminstitut.de\/cms\/","name":"f_films: female filmworkers in europe","description":"Frauen im Film","potentialAction":[{"@type":"SearchAction","target":{"@type":"EntryPoint","urlTemplate":"https:\/\/f-films.deutsches-filminstitut.de\/cms\/?s={search_term_string}"},"query-input":{"@type":"PropertyValueSpecification","valueRequired":true,"valueName":"search_term_string"}}],"inLanguage":"de"}]}},"_links":{"self":[{"href":"https:\/\/f-films.deutsches-filminstitut.de\/cms\/wp-json\/wp\/v2\/pages\/181","targetHints":{"allow":["GET"]}}],"collection":[{"href":"https:\/\/f-films.deutsches-filminstitut.de\/cms\/wp-json\/wp\/v2\/pages"}],"about":[{"href":"https:\/\/f-films.deutsches-filminstitut.de\/cms\/wp-json\/wp\/v2\/types\/page"}],"author":[{"embeddable":true,"href":"https:\/\/f-films.deutsches-filminstitut.de\/cms\/wp-json\/wp\/v2\/users\/5"}],"replies":[{"embeddable":true,"href":"https:\/\/f-films.deutsches-filminstitut.de\/cms\/wp-json\/wp\/v2\/comments?post=181"}],"version-history":[{"count":7,"href":"https:\/\/f-films.deutsches-filminstitut.de\/cms\/wp-json\/wp\/v2\/pages\/181\/revisions"}],"predecessor-version":[{"id":2869,"href":"https:\/\/f-films.deutsches-filminstitut.de\/cms\/wp-json\/wp\/v2\/pages\/181\/revisions\/2869"}],"up":[{"embeddable":true,"href":"https:\/\/f-films.deutsches-filminstitut.de\/cms\/wp-json\/wp\/v2\/pages\/18"}],"wp:attachment":[{"href":"https:\/\/f-films.deutsches-filminstitut.de\/cms\/wp-json\/wp\/v2\/media?parent=181"}],"curies":[{"name":"wp","href":"https:\/\/api.w.org\/{rel}","templated":true}]}}