{"id":26,"date":"2014-09-15T14:09:49","date_gmt":"2014-09-15T12:09:49","guid":{"rendered":"http:\/\/f-films.deutsches-filminstitut.de\/cms\/?page_id=26"},"modified":"2014-12-17T13:15:35","modified_gmt":"2014-12-17T11:15:35","slug":"f_films-und-seine-partner","status":"publish","type":"page","link":"https:\/\/f-films.deutsches-filminstitut.de\/cms\/f_films-und-seine-partner\/","title":{"rendered":"f_films und seine Partner"},"content":{"rendered":"<div class=\"flex_column av_three_fourth  flex_column_div first  avia-builder-el-0  el_before_av_three_fourth  avia-builder-el-first  \" ><section class=\"av_textblock_section \"  itemscope=\"itemscope\" itemtype=\"https:\/\/schema.org\/CreativeWork\" ><div class='avia_textblock  '   itemprop=\"text\" ><h3 style=\"text-align: justify;\">f_films und seine Partner<\/h3>\n<p>Das Deutsches Filminstitut &#8211; DIF und die European Coordination of Film Festivals | Working Group Women and Film haben ihre Kr\u00e4fte vereint, um eine Filmdatenbank f\u00fcr das Archivieren und die Darstellung der Arbeit von Frauen in der Welt der Filmproduktion zu schaffen.<\/p>\n<p style=\"text-align: justify;\">Bei der Suche nach Projektpartnern stellte sich heraus, dass die European Coordination of Film Festivals\/ Working Group Women and Film ebenfalls eine Datenbank zur Erfassung der Filme initiiert hat, die auf den europ\u00e4ischen Frauenfilmfestivals gezeigt wurden und werden. Da das DIF \u00fcber die notwendige Kompetenz und Kapazit\u00e4t in der Recherche und Datenpflege verf\u00fcgt, wurde das Projekt beim DIF angesiedelt.<\/p>\n<p style=\"text-align: justify;\">Diese Kooperation sichert den kontinuierlichen Ausbau der Datenbank f_films und f\u00f6rdert die Zusammenarbeit der Frauenfilmfestivals in Europa.<\/p>\n<hr \/>\n<\/div><\/section><br \/>\n<section class=\"av_textblock_section \"  itemscope=\"itemscope\" itemtype=\"https:\/\/schema.org\/CreativeWork\" ><div class='avia_textblock  '   itemprop=\"text\" ><p><em>Beteiligte Frauenfilmfestivals:<\/em><\/p>\n<p>Festival de Films de Femmes, F-Cr\u00e9teil (www.filmsdefemmes.com)<br \/>\nMostra Internacional de Films de Dones, E-Barcelona (www.mostra.dracmagic.com)<br \/>\nFestival Internazionale Cinema Delle Donne &#8211; In viaggio con noi (www.festivalcinemadelledonne.com\/index.html)<br \/>\nFeminale, D-Cologne (www.feminale.de)<br \/>\nfemme totale, D-Dortmund (www.femmetotale.de)<br \/>\nImmaginaria, I-Bologna (www2.comune.bologna.it\/bologna\/assclv)<br \/>\nFlying Broom, TR-Ankara (www.ucansupurge.org)<br \/>\nLaboratorio Immagine Donna, I-Firenze (www.idonnalcomune.fi.it)<br \/>\nTricky Women, A-Vienna (www.culture2culture.at)<\/p>\n<hr \/>\n<\/div><\/section><br \/>\n<section class=\"av_textblock_section \"  itemscope=\"itemscope\" itemtype=\"https:\/\/schema.org\/CreativeWork\" ><div class='avia_textblock  '   itemprop=\"text\" ><p><em>Dieses Projekt wurde freundlicherweise unterst\u00fctzt von:<\/em><\/p>\n<p>&#8211; City of Frankfurt Magistrat (D-Frankfurt am Main)<br \/>\n&#8211; European Cultural Foundation (NL-Amsterdam)<br \/>\n&#8211; Ministery of Culture of North-Rhine Westphalia (Germany)<br \/>\n&#8211; and the City of Dortmund|Kulturb\u00fcro (D-Dortmund).<\/p>\n<\/div><\/section><\/p><\/div><div class=\"flex_column av_three_fourth  flex_column_div first  avia-builder-el-4  el_after_av_three_fourth  avia-builder-el-last  column-top-margin\" ><section class=\"av_textblock_section \"  itemscope=\"itemscope\" itemtype=\"https:\/\/schema.org\/CreativeWork\" ><div class='avia_textblock  '   itemprop=\"text\" ><div   class='hr hr-default   avia-builder-el-6  el_before_av_hr  avia-builder-el-first '><span class='hr-inner ' ><span class='hr-inner-style'><\/span><\/span><\/div>\n<p><a href=\"http:\/\/deutsches-filminstitut.de\/\" target=\"_blank\" rel=\"noopener\"><img loading=\"lazy\" decoding=\"async\" class=\"alignnone wp-image-77 size-full\" src=\"http:\/\/f-films.deutsches-filminstitut.de\/cms\/medien\/2014\/09\/logo_dif219.png\" alt=\"Deutsches Filminstitut\" width=\"219\" height=\"54\" \/><\/a><\/p>\n<p><a href=\"http:\/\/www.frankfurt.de\/\" target=\"_blank\" rel=\"noopener\"><img loading=\"lazy\" decoding=\"async\" class=\"alignnone wp-image-79 size-full\" src=\"http:\/\/f-films.deutsches-filminstitut.de\/cms\/medien\/2014\/09\/stadt-frankfurt-219.png\" alt=\"Stadt Frankfurt am Main\" width=\"219\" height=\"30\" \/><\/a><a href=\"http:\/\/www.womenfilmnet.org\/\" target=\"_blank\" rel=\"noopener\"><img loading=\"lazy\" decoding=\"async\" class=\"alignnone wp-image-80 size-full\" src=\"http:\/\/f-films.deutsches-filminstitut.de\/cms\/medien\/2014\/09\/ceff219.png\" alt=\"CEFF\" width=\"180\" height=\"180\" srcset=\"https:\/\/f-films.deutsches-filminstitut.de\/cms\/medien\/2014\/09\/ceff219.png 180w, https:\/\/f-films.deutsches-filminstitut.de\/cms\/medien\/2014\/09\/ceff219-80x80.png 80w, https:\/\/f-films.deutsches-filminstitut.de\/cms\/medien\/2014\/09\/ceff219-36x36.png 36w, https:\/\/f-films.deutsches-filminstitut.de\/cms\/medien\/2014\/09\/ceff219-120x120.png 120w\" sizes=\"auto, (max-width: 180px) 100vw, 180px\" \/><\/a><a href=\"http:\/\/www.maecenia-frankfurt.de\/\" target=\"_blank\" rel=\"noopener\"><img loading=\"lazy\" decoding=\"async\" class=\"alignnone wp-image-122\" src=\"http:\/\/f-films.deutsches-filminstitut.de\/cms\/medien\/2014\/09\/maecenia-300.png\" alt=\"maecenia Frankfurter Stiftung\" width=\"270\" height=\"36\" \/><\/a><\/p>\n<div   class='hr hr-default   avia-builder-el-7  el_after_av_hr  avia-builder-el-last '><span class='hr-inner ' ><span class='hr-inner-style'><\/span><\/span><\/div>\n<\/div><\/section><\/div>\n","protected":false},"excerpt":{"rendered":"","protected":false},"author":5,"featured_media":0,"parent":0,"menu_order":40,"comment_status":"open","ping_status":"closed","template":"","meta":{"footnotes":""},"class_list":["post-26","page","type-page","status-publish","hentry"],"yoast_head":"<!-- This site is optimized with the Yoast SEO plugin v25.0 - https:\/\/yoast.com\/wordpress\/plugins\/seo\/ -->\n<title>f_films und seine Partner - f_films: female filmworkers in europe<\/title>\n<meta name=\"robots\" content=\"index, follow, max-snippet:-1, max-image-preview:large, max-video-preview:-1\" \/>\n<link rel=\"canonical\" href=\"https:\/\/f-films.deutsches-filminstitut.de\/cms\/f_films-und-seine-partner\/\" \/>\n<meta property=\"og:locale\" content=\"de_DE\" \/>\n<meta property=\"og:type\" content=\"article\" \/>\n<meta property=\"og:title\" content=\"f_films und seine Partner - f_films: female filmworkers in europe\" \/>\n<meta property=\"og:url\" content=\"https:\/\/f-films.deutsches-filminstitut.de\/cms\/f_films-und-seine-partner\/\" \/>\n<meta property=\"og:site_name\" content=\"f_films: female filmworkers in europe\" \/>\n<meta property=\"article:modified_time\" content=\"2014-12-17T11:15:35+00:00\" \/>\n<meta property=\"og:image\" content=\"http:\/\/f-films.deutsches-filminstitut.de\/cms\/medien\/2014\/09\/logo_dif219.png\" \/>\n<meta name=\"twitter:card\" content=\"summary_large_image\" \/>\n<meta name=\"twitter:label1\" content=\"Gesch\u00e4tzte Lesezeit\" \/>\n\t<meta name=\"twitter:data1\" content=\"1\u00a0Minute\" \/>\n<script type=\"application\/ld+json\" class=\"yoast-schema-graph\">{\"@context\":\"https:\/\/schema.org\",\"@graph\":[{\"@type\":\"WebPage\",\"@id\":\"https:\/\/f-films.deutsches-filminstitut.de\/cms\/f_films-und-seine-partner\/\",\"url\":\"https:\/\/f-films.deutsches-filminstitut.de\/cms\/f_films-und-seine-partner\/\",\"name\":\"f_films und seine Partner - f_films: female filmworkers in europe\",\"isPartOf\":{\"@id\":\"https:\/\/f-films.deutsches-filminstitut.de\/cms\/#website\"},\"primaryImageOfPage\":{\"@id\":\"https:\/\/f-films.deutsches-filminstitut.de\/cms\/f_films-und-seine-partner\/#primaryimage\"},\"image\":{\"@id\":\"https:\/\/f-films.deutsches-filminstitut.de\/cms\/f_films-und-seine-partner\/#primaryimage\"},\"thumbnailUrl\":\"http:\/\/f-films.deutsches-filminstitut.de\/cms\/medien\/2014\/09\/logo_dif219.png\",\"datePublished\":\"2014-09-15T12:09:49+00:00\",\"dateModified\":\"2014-12-17T11:15:35+00:00\",\"breadcrumb\":{\"@id\":\"https:\/\/f-films.deutsches-filminstitut.de\/cms\/f_films-und-seine-partner\/#breadcrumb\"},\"inLanguage\":\"de\",\"potentialAction\":[{\"@type\":\"ReadAction\",\"target\":[\"https:\/\/f-films.deutsches-filminstitut.de\/cms\/f_films-und-seine-partner\/\"]}]},{\"@type\":\"ImageObject\",\"inLanguage\":\"de\",\"@id\":\"https:\/\/f-films.deutsches-filminstitut.de\/cms\/f_films-und-seine-partner\/#primaryimage\",\"url\":\"https:\/\/f-films.deutsches-filminstitut.de\/cms\/medien\/2014\/09\/logo_dif219.png\",\"contentUrl\":\"https:\/\/f-films.deutsches-filminstitut.de\/cms\/medien\/2014\/09\/logo_dif219.png\",\"width\":219,\"height\":54,\"caption\":\"Deutsches Filminstitut\"},{\"@type\":\"BreadcrumbList\",\"@id\":\"https:\/\/f-films.deutsches-filminstitut.de\/cms\/f_films-und-seine-partner\/#breadcrumb\",\"itemListElement\":[{\"@type\":\"ListItem\",\"position\":1,\"name\":\"Startseite\",\"item\":\"https:\/\/f-films.deutsches-filminstitut.de\/cms\/startseite\/\"},{\"@type\":\"ListItem\",\"position\":2,\"name\":\"f_films und seine Partner\"}]},{\"@type\":\"WebSite\",\"@id\":\"https:\/\/f-films.deutsches-filminstitut.de\/cms\/#website\",\"url\":\"https:\/\/f-films.deutsches-filminstitut.de\/cms\/\",\"name\":\"f_films: female filmworkers in europe\",\"description\":\"Frauen im Film\",\"potentialAction\":[{\"@type\":\"SearchAction\",\"target\":{\"@type\":\"EntryPoint\",\"urlTemplate\":\"https:\/\/f-films.deutsches-filminstitut.de\/cms\/?s={search_term_string}\"},\"query-input\":{\"@type\":\"PropertyValueSpecification\",\"valueRequired\":true,\"valueName\":\"search_term_string\"}}],\"inLanguage\":\"de\"}]}<\/script>\n<!-- \/ Yoast SEO plugin. -->","yoast_head_json":{"title":"f_films und seine Partner - f_films: female filmworkers in europe","robots":{"index":"index","follow":"follow","max-snippet":"max-snippet:-1","max-image-preview":"max-image-preview:large","max-video-preview":"max-video-preview:-1"},"canonical":"https:\/\/f-films.deutsches-filminstitut.de\/cms\/f_films-und-seine-partner\/","og_locale":"de_DE","og_type":"article","og_title":"f_films und seine Partner - f_films: female filmworkers in europe","og_url":"https:\/\/f-films.deutsches-filminstitut.de\/cms\/f_films-und-seine-partner\/","og_site_name":"f_films: female filmworkers in europe","article_modified_time":"2014-12-17T11:15:35+00:00","og_image":[{"url":"http:\/\/f-films.deutsches-filminstitut.de\/cms\/medien\/2014\/09\/logo_dif219.png","type":"","width":"","height":""}],"twitter_card":"summary_large_image","twitter_misc":{"Gesch\u00e4tzte Lesezeit":"1\u00a0Minute"},"schema":{"@context":"https:\/\/schema.org","@graph":[{"@type":"WebPage","@id":"https:\/\/f-films.deutsches-filminstitut.de\/cms\/f_films-und-seine-partner\/","url":"https:\/\/f-films.deutsches-filminstitut.de\/cms\/f_films-und-seine-partner\/","name":"f_films und seine Partner - f_films: female filmworkers in europe","isPartOf":{"@id":"https:\/\/f-films.deutsches-filminstitut.de\/cms\/#website"},"primaryImageOfPage":{"@id":"https:\/\/f-films.deutsches-filminstitut.de\/cms\/f_films-und-seine-partner\/#primaryimage"},"image":{"@id":"https:\/\/f-films.deutsches-filminstitut.de\/cms\/f_films-und-seine-partner\/#primaryimage"},"thumbnailUrl":"http:\/\/f-films.deutsches-filminstitut.de\/cms\/medien\/2014\/09\/logo_dif219.png","datePublished":"2014-09-15T12:09:49+00:00","dateModified":"2014-12-17T11:15:35+00:00","breadcrumb":{"@id":"https:\/\/f-films.deutsches-filminstitut.de\/cms\/f_films-und-seine-partner\/#breadcrumb"},"inLanguage":"de","potentialAction":[{"@type":"ReadAction","target":["https:\/\/f-films.deutsches-filminstitut.de\/cms\/f_films-und-seine-partner\/"]}]},{"@type":"ImageObject","inLanguage":"de","@id":"https:\/\/f-films.deutsches-filminstitut.de\/cms\/f_films-und-seine-partner\/#primaryimage","url":"https:\/\/f-films.deutsches-filminstitut.de\/cms\/medien\/2014\/09\/logo_dif219.png","contentUrl":"https:\/\/f-films.deutsches-filminstitut.de\/cms\/medien\/2014\/09\/logo_dif219.png","width":219,"height":54,"caption":"Deutsches Filminstitut"},{"@type":"BreadcrumbList","@id":"https:\/\/f-films.deutsches-filminstitut.de\/cms\/f_films-und-seine-partner\/#breadcrumb","itemListElement":[{"@type":"ListItem","position":1,"name":"Startseite","item":"https:\/\/f-films.deutsches-filminstitut.de\/cms\/startseite\/"},{"@type":"ListItem","position":2,"name":"f_films und seine Partner"}]},{"@type":"WebSite","@id":"https:\/\/f-films.deutsches-filminstitut.de\/cms\/#website","url":"https:\/\/f-films.deutsches-filminstitut.de\/cms\/","name":"f_films: female filmworkers in europe","description":"Frauen im Film","potentialAction":[{"@type":"SearchAction","target":{"@type":"EntryPoint","urlTemplate":"https:\/\/f-films.deutsches-filminstitut.de\/cms\/?s={search_term_string}"},"query-input":{"@type":"PropertyValueSpecification","valueRequired":true,"valueName":"search_term_string"}}],"inLanguage":"de"}]}},"_links":{"self":[{"href":"https:\/\/f-films.deutsches-filminstitut.de\/cms\/wp-json\/wp\/v2\/pages\/26","targetHints":{"allow":["GET"]}}],"collection":[{"href":"https:\/\/f-films.deutsches-filminstitut.de\/cms\/wp-json\/wp\/v2\/pages"}],"about":[{"href":"https:\/\/f-films.deutsches-filminstitut.de\/cms\/wp-json\/wp\/v2\/types\/page"}],"author":[{"embeddable":true,"href":"https:\/\/f-films.deutsches-filminstitut.de\/cms\/wp-json\/wp\/v2\/users\/5"}],"replies":[{"embeddable":true,"href":"https:\/\/f-films.deutsches-filminstitut.de\/cms\/wp-json\/wp\/v2\/comments?post=26"}],"version-history":[{"count":15,"href":"https:\/\/f-films.deutsches-filminstitut.de\/cms\/wp-json\/wp\/v2\/pages\/26\/revisions"}],"predecessor-version":[{"id":2782,"href":"https:\/\/f-films.deutsches-filminstitut.de\/cms\/wp-json\/wp\/v2\/pages\/26\/revisions\/2782"}],"wp:attachment":[{"href":"https:\/\/f-films.deutsches-filminstitut.de\/cms\/wp-json\/wp\/v2\/media?parent=26"}],"curies":[{"name":"wp","href":"https:\/\/api.w.org\/{rel}","templated":true}]}}