{"id":68,"date":"2014-09-17T11:01:30","date_gmt":"2014-09-17T09:01:30","guid":{"rendered":"http:\/\/f-films.deutsches-filminstitut.de\/cms\/?page_id=68"},"modified":"2024-10-07T16:35:06","modified_gmt":"2024-10-07T14:35:06","slug":"impressum","status":"publish","type":"page","link":"https:\/\/f-films.deutsches-filminstitut.de\/cms\/impressum\/","title":{"rendered":"Impressum"},"content":{"rendered":"<div class=\"flex_column av_two_third  flex_column_div first  avia-builder-el-0  avia-builder-el-no-sibling  \" ><section class=\"av_textblock_section \"  itemscope=\"itemscope\" itemtype=\"https:\/\/schema.org\/CreativeWork\" ><div class='avia_textblock  '   itemprop=\"text\" ><h3 style=\"text-align: justify;\">Impressum des DFF<\/h3>\n<hr \/>\n<p class=\"p1\">Vorstand: Michael von Zitzewitz<br \/>\nDirektorin (kommissarisch): Christine Kopf<\/p>\n<p class=\"p1\"><b>Angaben gem\u00e4\u00df \u00a7 5 TMG<\/b><\/p>\n<p class=\"p2\">DFF \u2013 Deutsches Filminstitut &amp; Filmmuseum e.V.<br \/>\nSchaumainkai 41<br \/>\n60596 Frankfurt am Main<\/p>\n<p class=\"p2\"><b>Vertreten durch:<\/b><br \/>\nMichael von Zitzewitz (Vorstand)<br \/>\nTobias R\u00f6mer (Verwaltungsdirektor)<br \/>\nChristine Kopf (komm. Direktorin)<\/p>\n<p class=\"p2\"><b>Kontakt:<\/b><br \/>\nTelefon: +49-69-961220 0<br \/>\nTelefax: +49-69-961220 999<br \/>\nE-Mail: <a href=\"mailto:info@dff.film\"><span class=\"s1\">info@dff.film<\/span><\/a><\/p>\n<p class=\"p2\"><b>Zust\u00e4ndiges Vereinsregister<\/b><br \/>\nAmtsgericht Frankfurt am Main<br \/>\n\u2013 Registergericht \u2013<br \/>\nHeiligkreuzgasse 34<br \/>\n60313 Frankfurt am Main<br \/>\n\u2013 Gesch\u00e4ftsnummer: VR 7975 \u2013<\/p>\n<p class=\"p2\">Umsatzsteuer-Identifikationsnummer gem\u00e4\u00df \u00a727 a Umsatzsteuergesetz:<br \/>\nDE 113891109<\/p>\n<p class=\"p2\"><b>Verantwortlich f\u00fcr den Inhalt nach \u00a7 55 Abs. 2 RStV:<\/b><br \/>\nChristine Kopf (komm.)<br \/>\nDFF \u2013 Deutsches Filminstitut &amp; Filmmuseum e.V.<br \/>\nSchaumainkai 41<br \/>\n60596 Frankfurt am Main<\/p>\n<hr \/>\n<p style=\"text-align: justify;\"><strong>Projektleitung:<\/strong><br \/>\nClaudia Dillmann, Deutsches Filminstitut \u2013 DIF<br \/>\nKerstin Herlt, Deutsches Filminstitut \u2013 DIF<\/p>\n<p style=\"text-align: justify;\"><strong>Projektpartner:<\/strong><br \/>\nWorking Group Women and Film c\/o Anne Schallenberg, Frauenfilmfestival femme totale Dortmund<br \/>\nGerlinde Waz, Filmmuseum Berlin (\u201cFilmpionierinnen in Deutschland\u201d, in Zusammenarbeit mit Gabriele Hansch )<\/p>\n<p style=\"text-align: justify;\"><strong>Projektf\u00f6rderer:<\/strong><br \/>\nKulturdezernat und Frauendezernat der Stadt Frankfurt am Main<\/p>\n<p style=\"text-align: justify;\"><strong>Website-Manager:<\/strong><\/p>\n<p>Urs Scheufele von <a href=\"https:\/\/www.privataktionaer.com\/\">privataktionaer.com<\/a><\/p>\n<p style=\"text-align: justify;\"><strong>Datenbank:<\/strong><\/p>\n<p style=\"text-align: justify;\">Christof Sch\u00f6bel<\/p>\n<p style=\"text-align: justify;\"><strong>Datenabgleich, Recherche und Scans:<\/strong><br \/>\nTinka Breitenbruch, Nicole Domke, Cornelia Feldmann, Katrin G\u00fcnther, Nathalie Kiehl, Annette M\u00fcller, Silvia S\u00fcess, Harald von Treuenfels, Anja Weiler, Rabea Zeidler<\/p>\n<hr \/>\n<p style=\"text-align: justify;\"><div class=\"su-spoiler su-spoiler-style-default su-spoiler-icon-plus su-spoiler-closed\" data-scroll-offset=\"0\" data-anchor-in-url=\"no\"><div class=\"su-spoiler-title\" tabindex=\"0\" role=\"button\"><span class=\"su-spoiler-icon\"><\/span>Mehr<\/div><div class=\"su-spoiler-content su-u-clearfix su-u-trim\"><\/p>\n<h3 style=\"text-align: justify;\">Haftungsausschluss<\/h3>\n<p style=\"text-align: justify;\"><strong>Haftung f\u00fcr Inhalte<\/strong><br \/>\nDie Inhalte unserer Seiten wurden mit gr\u00f6\u00dfter Sorgfalt erstellt. F\u00fcr die Richtigkeit, Vollst\u00e4ndigkeit und Aktualit\u00e4t der Inhalte k\u00f6nnen wir jedoch keine Gew\u00e4hr \u00fcbernehmen. Als Diensteanbieter sind wir gem\u00e4\u00df \u00a7 7 Abs.1 TMG f\u00fcr eigene Inhalte auf diesen Seiten nach den allgemeinen Gesetzen verantwortlich. Nach \u00a7\u00a7 8 bis 10 TMG sind wir als Diensteanbieter jedoch nicht verpflichtet, \u00fcbermittelte oder gespeicherte fremde Informationen zu \u00fcberwachen oder nach Umst\u00e4nden zu forschen, die auf eine rechtswidrige T\u00e4tigkeit hinweisen. Verpflichtungen zur Entfernung oder Sperrung der Nutzung von Informationen nach den allgemeinen Gesetzen bleiben hiervon unber\u00fchrt. Eine diesbez\u00fcgliche Haftung ist jedoch erst ab dem Zeitpunkt der Kenntnis einer konkreten Rechtsverletzung m\u00f6glich. Bei Bekanntwerden von entsprechenden Rechtsverletzungen werden wir diese Inhalte umgehend entfernen.<\/p>\n<p style=\"text-align: justify;\"><strong>Haftung f\u00fcr Links<\/strong><br \/>\nUnser Angebot enth\u00e4lt Links zu externen Webseiten Dritter, auf deren Inhalte wir keinen Einfluss haben. Deshalb k\u00f6nnen wir f\u00fcr diese fremden Inhalte auch keine Gew\u00e4hr \u00fcbernehmen. F\u00fcr die Inhalte der verlinkten Seiten ist stets der jeweilige Anbieter oder Betreiber der Seiten verantwortlich. Die verlinkten Seiten wurden zum Zeitpunkt der Verlinkung auf m\u00f6gliche Rechtsverst\u00f6\u00dfe \u00fcberpr\u00fcft. Rechtswidrige Inhalte waren zum Zeitpunkt der Verlinkung nicht erkennbar. Eine permanente inhaltliche Kontrolle der verlinkten Seiten ist jedoch ohne konkrete Anhaltspunkte einer Rechtsverletzung nicht zumutbar. Bei Bekanntwerden von Rechtsverletzungen werden wir derartige Links umgehend entfernen.<\/p>\n<p style=\"text-align: justify;\"><strong>Urheberrecht<\/strong><br \/>\nDie durch die Seitenbetreiber erstellten Inhalte und Werke auf diesen Seiten unterliegen dem deutschen Urheberrecht. Die Vervielf\u00e4ltigung, Bearbeitung, Verbreitung und jede Art der Verwertung au\u00dferhalb der Grenzen des Urheberrechtes bed\u00fcrfen der schriftlichen Zustimmung des jeweiligen Autors bzw. Erstellers. Downloads und Kopien dieser Seite sind nur f\u00fcr den privaten, nicht kommerziellen Gebrauch gestattet. Soweit die Inhalte auf dieser Seite nicht vom Betreiber erstellt wurden, werden die Urheberrechte Dritter beachtet. Insbesondere werden Inhalte Dritter als solche gekennzeichnet. Sollten Sie trotzdem auf eine Urheberrechtsverletzung aufmerksam werden, bitten wir um einen entsprechenden Hinweis. Bei Bekanntwerden von Rechtsverletzungen werden wir derartige Inhalte umgehend entfernen.<\/p>\n<p style=\"text-align: justify;\"><strong>Datenschutz<\/strong><br \/>\nDie Nutzung unserer Webseite ist in der Regel ohne Angabe personenbezogener Daten m\u00f6glich. Soweit auf unseren Seiten personenbezogene Daten (beispielsweise Name, Anschrift oder eMail-Adressen) erhoben werden, erfolgt dies, soweit m\u00f6glich, stets auf freiwilliger Basis. Diese Daten werden ohne Ihre ausdr\u00fcckliche Zustimmung nicht an Dritte weitergegeben. Wir weisen darauf hin, dass die Daten\u00fcbertragung im Internet (z.B. bei der Kommunikation per E-Mail) Sicherheitsl\u00fccken aufweisen kann. Ein l\u00fcckenloser Schutz der Daten vor dem Zugriff durch Dritte ist nicht m\u00f6glich. Der Nutzung von im Rahmen der Impressumspflicht ver\u00f6ffentlichten Kontaktdaten durch Dritte zur \u00dcbersendung von nicht ausdr\u00fccklich angeforderter Werbung und Informationsmaterialien wird hiermit ausdr\u00fccklich widersprochen. Die Betreiber der Seiten behalten sich ausdr\u00fccklich rechtliche Schritte im Falle der unverlangten Zusendung von Werbeinformationen, etwa durch Spam-Mails, vor.<\/p>\n<p style=\"text-align: justify;\"><strong>Datenschutzerkl\u00e4rung f\u00fcr die Nutzung von Facebook-Plugins (Like-Button)<\/strong><br \/>\nAuf unseren Seiten sind Plugins des sozialen Netzwerks Facebook, 1601 South California Avenue, Palo Alto, CA 94304, USA integriert. Die Facebook-Plugins erkennen Sie an dem Facebook-Logo oder dem \u201cLike-Button\u201d (\u201cGef\u00e4llt mir\u201d) auf unserer Seite. Eine \u00dcbersicht \u00fcber die Facebook-Plugins finden Sie hier: http:\/\/developers.facebook.com\/docs\/plugins\/.<br \/>\nWenn Sie unsere Seiten besuchen, wird \u00fcber das Plugin eine direkte Verbindung zwischen Ihrem Browser und dem Facebook-Server hergestellt. Facebook erh\u00e4lt dadurch die Information, dass Sie mit Ihrer IP-Adresse unsere Seite besucht haben. Wenn Sie den Facebook \u201cLike-Button\u201d anklicken w\u00e4hrend Sie in Ihrem Facebook-Account eingeloggt sind, k\u00f6nnen Sie die Inhalte unserer Seiten auf Ihrem Facebook-Profil verlinken. Dadurch kann Facebook den Besuch unserer Seiten Ihrem Benutzerkonto zuordnen. Wir weisen darauf hin, dass wir als Anbieter der Seiten keine Kenntnis vom Inhalt der \u00fcbermittelten Daten sowie deren Nutzung durch Facebook erhalten. Weitere Informationen hierzu finden Sie in der Datenschutzerkl\u00e4rung von facebook unter http:\/\/de-de.facebook.com\/policy.php Wenn Sie nicht w\u00fcnschen, dass Facebook den Besuch unserer Seiten Ihrem Facebook-Nutzerkonto zuordnen kann, loggen Sie sich bitte aus Ihrem Facebook-Benutzerkonto aus.<\/p>\n<p style=\"text-align: justify;\"><strong>Datenschutzerkl\u00e4rung f\u00fcr die Nutzung von Google Analytics<\/strong><br \/>\nDiese Website benutzt Google Analytics, einen Webanalysedienst der Google Inc. (\u201cGoogle\u201d). Google Analytics verwendet sog. \u201cCookies\u201d, Textdateien, die auf Ihrem Computer gespeichert werden und die eine Analyse der Benutzung der Website durch Sie erm\u00f6glicht. Die durch den Cookie erzeugten Informationen \u00fcber Ihre Benutzung dieser Website (einschlie\u00dflich Ihrer IP-Adresse) wird an einen Server von Google in den USA \u00fcbertragen und dort gespeichert.<br \/>\nGoogle wird diese Informationen benutzen, um Ihre Nutzung der Website auszuwerten, um Reports \u00fcber die Websiteaktivit\u00e4ten f\u00fcr die Websitebetreiber zusammenzustellen und um weitere mit der Websitenutzung und der Internetnutzung verbundene Dienstleistungen zu erbringen. Auch wird Google diese Informationen gegebenenfalls an Dritte \u00fcbertragen, sofern dies gesetzlich vorgeschrieben ist oder soweit Dritte diese Daten im Auftrag von Google verarbeiten. Google wird in keinem Fall Ihre IP-Adresse mit anderen Daten der Google Inc. in Verbindung bringen.<br \/>\nSie k\u00f6nnen die Installation der Cookies durch eine entsprechende Einstellung Ihrer Browser Software verhindern; wir weisen Sie jedoch darauf hin, dass Sie in diesem Fall gegebenenfalls nicht s\u00e4mtliche Funktionen dieser Website voll umf\u00e4nglich nutzen k\u00f6nnen. Durch die Nutzung dieser Website erkl\u00e4ren Sie sich mit der Bearbeitung der \u00fcber Sie erhobenen Daten durch Google in der zuvor beschriebenen Art und Weise und zu dem zuvor benannten Zweck einverstanden.<\/p>\n<p style=\"text-align: justify;\">Angaben gem\u00e4\u00df \u00a7 5 TMG<\/p>\n<p style=\"text-align: justify;\"><\/div><\/div><\/p>\n<\/div><\/section><\/div>\n","protected":false},"excerpt":{"rendered":"","protected":false},"author":5,"featured_media":0,"parent":0,"menu_order":100,"comment_status":"closed","ping_status":"closed","template":"","meta":{"footnotes":""},"class_list":["post-68","page","type-page","status-publish","hentry"],"yoast_head":"<!-- This site is optimized with the Yoast SEO plugin v25.0 - https:\/\/yoast.com\/wordpress\/plugins\/seo\/ -->\n<title>Impressum - f_films: female filmworkers in europe<\/title>\n<meta name=\"description\" content=\"Impressum des DFF - Vorstand : Michael von Zitzewitz - Direktorin (kommissarisch): Christine Kopf - Deutsches Filminstitut &amp; Filmmuseum e.V. - Schaumainkai 41 - 60596 Frankfurt am Main - Telefon: +49-69-961220\" \/>\n<meta name=\"robots\" content=\"index, follow, max-snippet:-1, max-image-preview:large, max-video-preview:-1\" \/>\n<link rel=\"canonical\" href=\"https:\/\/f-films.deutsches-filminstitut.de\/cms\/impressum\/\" \/>\n<meta property=\"og:locale\" content=\"de_DE\" \/>\n<meta property=\"og:type\" content=\"article\" \/>\n<meta property=\"og:title\" content=\"Impressum - f_films: female filmworkers in europe\" \/>\n<meta property=\"og:description\" content=\"Impressum des DFF - Vorstand : Michael von Zitzewitz - Direktorin (kommissarisch): Christine Kopf - Deutsches Filminstitut &amp; Filmmuseum e.V. - Schaumainkai 41 - 60596 Frankfurt am Main - Telefon: +49-69-961220\" \/>\n<meta property=\"og:url\" content=\"https:\/\/f-films.deutsches-filminstitut.de\/cms\/impressum\/\" \/>\n<meta property=\"og:site_name\" content=\"f_films: female filmworkers in europe\" \/>\n<meta property=\"article:modified_time\" content=\"2024-10-07T14:35:06+00:00\" \/>\n<meta name=\"twitter:card\" content=\"summary_large_image\" \/>\n<meta name=\"twitter:label1\" content=\"Gesch\u00e4tzte Lesezeit\" \/>\n\t<meta name=\"twitter:data1\" content=\"6\u00a0Minuten\" \/>\n<script type=\"application\/ld+json\" class=\"yoast-schema-graph\">{\"@context\":\"https:\/\/schema.org\",\"@graph\":[{\"@type\":\"WebPage\",\"@id\":\"https:\/\/f-films.deutsches-filminstitut.de\/cms\/impressum\/\",\"url\":\"https:\/\/f-films.deutsches-filminstitut.de\/cms\/impressum\/\",\"name\":\"Impressum - f_films: female filmworkers in europe\",\"isPartOf\":{\"@id\":\"https:\/\/f-films.deutsches-filminstitut.de\/cms\/#website\"},\"datePublished\":\"2014-09-17T09:01:30+00:00\",\"dateModified\":\"2024-10-07T14:35:06+00:00\",\"description\":\"Impressum des DFF - Vorstand : Michael von Zitzewitz - Direktorin (kommissarisch): Christine Kopf - Deutsches Filminstitut & Filmmuseum e.V. - Schaumainkai 41 - 60596 Frankfurt am Main - Telefon: +49-69-961220\",\"breadcrumb\":{\"@id\":\"https:\/\/f-films.deutsches-filminstitut.de\/cms\/impressum\/#breadcrumb\"},\"inLanguage\":\"de\",\"potentialAction\":[{\"@type\":\"ReadAction\",\"target\":[\"https:\/\/f-films.deutsches-filminstitut.de\/cms\/impressum\/\"]}]},{\"@type\":\"BreadcrumbList\",\"@id\":\"https:\/\/f-films.deutsches-filminstitut.de\/cms\/impressum\/#breadcrumb\",\"itemListElement\":[{\"@type\":\"ListItem\",\"position\":1,\"name\":\"Startseite\",\"item\":\"https:\/\/f-films.deutsches-filminstitut.de\/cms\/startseite\/\"},{\"@type\":\"ListItem\",\"position\":2,\"name\":\"Impressum\"}]},{\"@type\":\"WebSite\",\"@id\":\"https:\/\/f-films.deutsches-filminstitut.de\/cms\/#website\",\"url\":\"https:\/\/f-films.deutsches-filminstitut.de\/cms\/\",\"name\":\"f_films: female filmworkers in europe\",\"description\":\"Frauen im Film\",\"potentialAction\":[{\"@type\":\"SearchAction\",\"target\":{\"@type\":\"EntryPoint\",\"urlTemplate\":\"https:\/\/f-films.deutsches-filminstitut.de\/cms\/?s={search_term_string}\"},\"query-input\":{\"@type\":\"PropertyValueSpecification\",\"valueRequired\":true,\"valueName\":\"search_term_string\"}}],\"inLanguage\":\"de\"}]}<\/script>\n<!-- \/ Yoast SEO plugin. -->","yoast_head_json":{"title":"Impressum - f_films: female filmworkers in europe","description":"Impressum des DFF - Vorstand : Michael von Zitzewitz - Direktorin (kommissarisch): Christine Kopf - Deutsches Filminstitut & Filmmuseum e.V. - Schaumainkai 41 - 60596 Frankfurt am Main - Telefon: +49-69-961220","robots":{"index":"index","follow":"follow","max-snippet":"max-snippet:-1","max-image-preview":"max-image-preview:large","max-video-preview":"max-video-preview:-1"},"canonical":"https:\/\/f-films.deutsches-filminstitut.de\/cms\/impressum\/","og_locale":"de_DE","og_type":"article","og_title":"Impressum - f_films: female filmworkers in europe","og_description":"Impressum des DFF - Vorstand : Michael von Zitzewitz - Direktorin (kommissarisch): Christine Kopf - Deutsches Filminstitut & Filmmuseum e.V. - Schaumainkai 41 - 60596 Frankfurt am Main - Telefon: +49-69-961220","og_url":"https:\/\/f-films.deutsches-filminstitut.de\/cms\/impressum\/","og_site_name":"f_films: female filmworkers in europe","article_modified_time":"2024-10-07T14:35:06+00:00","twitter_card":"summary_large_image","twitter_misc":{"Gesch\u00e4tzte Lesezeit":"6\u00a0Minuten"},"schema":{"@context":"https:\/\/schema.org","@graph":[{"@type":"WebPage","@id":"https:\/\/f-films.deutsches-filminstitut.de\/cms\/impressum\/","url":"https:\/\/f-films.deutsches-filminstitut.de\/cms\/impressum\/","name":"Impressum - f_films: female filmworkers in europe","isPartOf":{"@id":"https:\/\/f-films.deutsches-filminstitut.de\/cms\/#website"},"datePublished":"2014-09-17T09:01:30+00:00","dateModified":"2024-10-07T14:35:06+00:00","description":"Impressum des DFF - Vorstand : Michael von Zitzewitz - Direktorin (kommissarisch): Christine Kopf - Deutsches Filminstitut & Filmmuseum e.V. - Schaumainkai 41 - 60596 Frankfurt am Main - Telefon: +49-69-961220","breadcrumb":{"@id":"https:\/\/f-films.deutsches-filminstitut.de\/cms\/impressum\/#breadcrumb"},"inLanguage":"de","potentialAction":[{"@type":"ReadAction","target":["https:\/\/f-films.deutsches-filminstitut.de\/cms\/impressum\/"]}]},{"@type":"BreadcrumbList","@id":"https:\/\/f-films.deutsches-filminstitut.de\/cms\/impressum\/#breadcrumb","itemListElement":[{"@type":"ListItem","position":1,"name":"Startseite","item":"https:\/\/f-films.deutsches-filminstitut.de\/cms\/startseite\/"},{"@type":"ListItem","position":2,"name":"Impressum"}]},{"@type":"WebSite","@id":"https:\/\/f-films.deutsches-filminstitut.de\/cms\/#website","url":"https:\/\/f-films.deutsches-filminstitut.de\/cms\/","name":"f_films: female filmworkers in europe","description":"Frauen im Film","potentialAction":[{"@type":"SearchAction","target":{"@type":"EntryPoint","urlTemplate":"https:\/\/f-films.deutsches-filminstitut.de\/cms\/?s={search_term_string}"},"query-input":{"@type":"PropertyValueSpecification","valueRequired":true,"valueName":"search_term_string"}}],"inLanguage":"de"}]}},"_links":{"self":[{"href":"https:\/\/f-films.deutsches-filminstitut.de\/cms\/wp-json\/wp\/v2\/pages\/68","targetHints":{"allow":["GET"]}}],"collection":[{"href":"https:\/\/f-films.deutsches-filminstitut.de\/cms\/wp-json\/wp\/v2\/pages"}],"about":[{"href":"https:\/\/f-films.deutsches-filminstitut.de\/cms\/wp-json\/wp\/v2\/types\/page"}],"author":[{"embeddable":true,"href":"https:\/\/f-films.deutsches-filminstitut.de\/cms\/wp-json\/wp\/v2\/users\/5"}],"replies":[{"embeddable":true,"href":"https:\/\/f-films.deutsches-filminstitut.de\/cms\/wp-json\/wp\/v2\/comments?post=68"}],"version-history":[{"count":16,"href":"https:\/\/f-films.deutsches-filminstitut.de\/cms\/wp-json\/wp\/v2\/pages\/68\/revisions"}],"predecessor-version":[{"id":2933,"href":"https:\/\/f-films.deutsches-filminstitut.de\/cms\/wp-json\/wp\/v2\/pages\/68\/revisions\/2933"}],"wp:attachment":[{"href":"https:\/\/f-films.deutsches-filminstitut.de\/cms\/wp-json\/wp\/v2\/media?parent=68"}],"curies":[{"name":"wp","href":"https:\/\/api.w.org\/{rel}","templated":true}]}}